{"id":9,"date":"2020-05-30T13:53:20","date_gmt":"2020-05-30T13:53:20","guid":{"rendered":"http:\/\/dppd-test.valahia.ro\/?page_id=9"},"modified":"2021-05-20T06:46:00","modified_gmt":"2021-05-20T06:46:00","slug":"cadp","status":"publish","type":"page","link":"https:\/\/dppd.valahia.ro\/?page_id=9","title":{"rendered":"CADP"},"content":{"rendered":"<div class=\"su-box su-box-style-default\" id=\"\" style=\"border-color:#003366;border-radius:20px;max-width:none\"><div class=\"su-box-title\" style=\"background-color:#336699;color:#FFFFFF;border-top-left-radius:18px;border-top-right-radius:18px\"><strong>Centrul de analiz\u0103 \u015fi dezvoltare pedagogic\u0103<\/strong><\/div><div class=\"su-box-content su-u-clearfix su-u-trim\" style=\"border-bottom-left-radius:18px;border-bottom-right-radius:18px\">\n<p style=\"text-align: center;\"><span style=\"color: #000080;\"><strong><a style=\"color: #000080;\" href=\"http:\/\/dppd.valahia.ro\/wp-content\/uploads\/2020\/07\/Regulament-CADP-2016.pdf\">Regulament-CADP<\/a><\/strong><\/span><\/p>\n<p style=\"text-align: center;\"><span style=\"color: #000080;\"><strong><a style=\"color: #000080;\" href=\"http:\/\/dppd.valahia.ro\/wp-content\/uploads\/2020\/07\/lista-membri.pdf\">Membrii-CADP<\/a><\/strong><\/span><\/p>\n<\/div><\/div>\n<div class=\"su-box su-box-style-default\" id=\"\" style=\"border-color:#003366;border-radius:20px;max-width:none\"><div class=\"su-box-title\" style=\"background-color:#336699;color:#FFFFFF;border-top-left-radius:18px;border-top-right-radius:18px\"><strong>ACTIVIT\u0102\u021aI<\/strong><\/div><div class=\"su-box-content su-u-clearfix su-u-trim\" style=\"border-bottom-left-radius:18px;border-bottom-right-radius:18px\">\n<p style=\"text-align: center;\"><span style=\"color: #000080;\"><strong><a style=\"color: #000080;\" href=\"http:\/\/dppd.valahia.ro\/wp-content\/uploads\/2020\/07\/Activitati-CADP-2015-2016.pdf\">Activit\u0103\u021bi 2015-2016<\/a><\/strong><\/span><\/p>\n<p style=\"text-align: center;\"><span style=\"color: #000080;\"><strong><a style=\"color: #000080;\" href=\"http:\/\/dppd.valahia.ro\/wp-content\/uploads\/2020\/07\/Activitati-CADP-2016-2017.pdf\">Activit\u0103\u021bi 2016-2017<\/a><\/strong><\/span><\/p>\n<p style=\"text-align: center;\"><span style=\"color: #000080;\"><strong>Activit\u0103\u021bi 2017-2018<\/strong><\/span><\/p>\n<p style=\"text-align: center;\"><a href=\"http:\/\/dppd.valahia.ro\/wp-content\/uploads\/2021\/05\/Activitati-CADP-2018-2019.pdf\"><span style=\"color: #000080;\"><strong>Activit\u0103\u021bi 2018-2019<\/strong><\/span><\/a><\/p>\n<p style=\"text-align: center;\"><span style=\"color: #000080;\"><strong><a style=\"color: #000080;\" href=\"http:\/\/dppd.valahia.ro\/wp-content\/uploads\/2020\/07\/Activitati-CADP-2019-2020.pdf\">Activit\u0103\u021bi 2019-2020<\/a><\/strong><\/span><\/p>\n<\/div><\/div>\n<p>&nbsp;<\/p>\n","protected":false},"excerpt":{"rendered":"<p>&nbsp;<\/p>\n","protected":false},"author":2,"featured_media":0,"parent":0,"menu_order":0,"comment_status":"closed","ping_status":"closed","template":"","meta":{"footnotes":""},"class_list":["post-9","page","type-page","status-publish","hentry"],"_links":{"self":[{"href":"https:\/\/dppd.valahia.ro\/index.php?rest_route=\/wp\/v2\/pages\/9","targetHints":{"allow":["GET"]}}],"collection":[{"href":"https:\/\/dppd.valahia.ro\/index.php?rest_route=\/wp\/v2\/pages"}],"about":[{"href":"https:\/\/dppd.valahia.ro\/index.php?rest_route=\/wp\/v2\/types\/page"}],"author":[{"embeddable":true,"href":"https:\/\/dppd.valahia.ro\/index.php?rest_route=\/wp\/v2\/users\/2"}],"replies":[{"embeddable":true,"href":"https:\/\/dppd.valahia.ro\/index.php?rest_route=%2Fwp%2Fv2%2Fcomments&post=9"}],"version-history":[{"count":27,"href":"https:\/\/dppd.valahia.ro\/index.php?rest_route=\/wp\/v2\/pages\/9\/revisions"}],"predecessor-version":[{"id":1119,"href":"https:\/\/dppd.valahia.ro\/index.php?rest_route=\/wp\/v2\/pages\/9\/revisions\/1119"}],"wp:attachment":[{"href":"https:\/\/dppd.valahia.ro\/index.php?rest_route=%2Fwp%2Fv2%2Fmedia&parent=9"}],"curies":[{"name":"wp","href":"https:\/\/api.w.org\/{rel}","templated":true}]}}