{"id":82,"date":"2020-05-30T14:26:34","date_gmt":"2020-05-30T14:26:34","guid":{"rendered":"http:\/\/dppd-test.valahia.ro\/?page_id=82"},"modified":"2025-07-30T08:30:33","modified_gmt":"2025-07-30T08:30:33","slug":"anunturi","status":"publish","type":"page","link":"https:\/\/dppd.valahia.ro\/?page_id=82","title":{"rendered":"Anun\u021buri -Studen\u021bi"},"content":{"rendered":"<div class=\"su-box su-box-style-default\" id=\"\" style=\"border-color:#236172;border-radius:20px;max-width:none\"><div class=\"su-box-title\" style=\"background-color:#5694a5;color:#FFFFFF;border-top-left-radius:18px;border-top-right-radius:18px\"><\/div><div class=\"su-box-content su-u-clearfix su-u-trim\" style=\"border-bottom-left-radius:18px;border-bottom-right-radius:18px\">\n<p>Cererea de restan\u021b\u0103 se descarc\u0103, se completeaz\u0103, se semneaz\u0103 \u0219i se trimite pe adresa <strong>dppd@valahia.ro<\/strong>, \u00eempreun\u0103 cu dovada pl\u0103\u021bii realizate on line, cu cel pu\u0163in 2 zile lucr\u0103toare \u00eenainte de \u00eenceperea sesiunii de refacere a creditelor<\/p>\n<p><span style=\"display: inline !important; float: none; background-color: #ffffff; color: #333333; cursor: text; font-family: Georgia,'Times New Roman','Bitstream Charter',Times,serif; font-size: 16px; font-style: normal; font-variant: normal; font-weight: 400; letter-spacing: normal; orphans: 2; text-align: left; text-decoration: none; text-indent: 0px; text-transform: none; -webkit-text-stroke-width: 0px; white-space: normal; word-spacing: 0px;\"><\/div><\/div><\/span><\/p>\n<p><span style=\"display: inline !important; float: none; background-color: #ffffff; color: #333333; cursor: text; font-family: Georgia,'Times New Roman','Bitstream Charter',Times,serif; font-size: 16px; font-style: normal; font-variant: normal; font-weight: 400; letter-spacing: normal; orphans: 2; text-align: left; text-decoration: none; text-indent: 0px; text-transform: none; -webkit-text-stroke-width: 0px; white-space: normal; word-spacing: 0px;\"><div class=\"su-box su-box-style-default\" id=\"\" style=\"border-color:#236172;border-radius:20px;max-width:none\"><div class=\"su-box-title\" style=\"background-color:#5694a5;color:#FFFFFF;border-top-left-radius:18px;border-top-right-radius:18px\">Documente ata\u0219ate<\/div><div class=\"su-box-content su-u-clearfix su-u-trim\" style=\"border-bottom-left-radius:18px;border-bottom-right-radius:18px\"><\/span><\/p>\n<p style=\"text-align: center;\"><a href=\"http:\/\/dppd.valahia.ro\/wp-content\/uploads\/2025\/07\/Cerere-sustinere-restante.pdf\"><span style=\"color: #000080;\"><strong><span style=\"color: #000080;\"><strong>Model cerere sus\u021binere restan\u021be<\/strong><\/span><\/strong><\/span><\/a><\/p>\n<p style=\"text-align: center;\"><span style=\"color: #000080;\"><strong><a style=\"color: #000080;\" href=\"http:\/\/dppd.valahia.ro\/wp-content\/uploads\/2020\/07\/Cerere_echivalare_disciplin.pdf\">Model cerere echivalare disciplin\u0103<\/a><\/strong><\/span><\/p>\n<p style=\"text-align: center;\"><a href=\"http:\/\/dppd.valahia.ro\/wp-content\/uploads\/2025\/05\/cerere-eliberare-adeverinta.pdf\"><span style=\"color: #000080;\"><strong>Model cerere eliberare adeverin\u021b<\/strong><\/span><span style=\"color: #000080;\"><strong>\u0103<\/strong><\/span><\/a><\/p>\n<p style=\"text-align: center;\"><a href=\"http:\/\/dppd.valahia.ro\/wp-content\/uploads\/2025\/05\/cerere-retragere-DPPD.pdf\"><span style=\"color: #000080;\"><strong>Model cerere\u00a0retragere D.P.P.D<\/strong><\/span><span style=\"color: #000080;\"><strong>.<\/strong><\/span><\/a><\/p>\n<\/div><\/div>\n<p>&nbsp;<\/p>\n","protected":false},"excerpt":{"rendered":"<p>&nbsp;<\/p>\n","protected":false},"author":2,"featured_media":0,"parent":0,"menu_order":0,"comment_status":"closed","ping_status":"closed","template":"","meta":{"footnotes":""},"class_list":["post-82","page","type-page","status-publish","hentry"],"_links":{"self":[{"href":"https:\/\/dppd.valahia.ro\/index.php?rest_route=\/wp\/v2\/pages\/82","targetHints":{"allow":["GET"]}}],"collection":[{"href":"https:\/\/dppd.valahia.ro\/index.php?rest_route=\/wp\/v2\/pages"}],"about":[{"href":"https:\/\/dppd.valahia.ro\/index.php?rest_route=\/wp\/v2\/types\/page"}],"author":[{"embeddable":true,"href":"https:\/\/dppd.valahia.ro\/index.php?rest_route=\/wp\/v2\/users\/2"}],"replies":[{"embeddable":true,"href":"https:\/\/dppd.valahia.ro\/index.php?rest_route=%2Fwp%2Fv2%2Fcomments&post=82"}],"version-history":[{"count":53,"href":"https:\/\/dppd.valahia.ro\/index.php?rest_route=\/wp\/v2\/pages\/82\/revisions"}],"predecessor-version":[{"id":2699,"href":"https:\/\/dppd.valahia.ro\/index.php?rest_route=\/wp\/v2\/pages\/82\/revisions\/2699"}],"wp:attachment":[{"href":"https:\/\/dppd.valahia.ro\/index.php?rest_route=%2Fwp%2Fv2%2Fmedia&parent=82"}],"curies":[{"name":"wp","href":"https:\/\/api.w.org\/{rel}","templated":true}]}}