{"id":80,"date":"2020-05-30T14:25:24","date_gmt":"2020-05-30T14:25:24","guid":{"rendered":"http:\/\/dppd-test.valahia.ro\/?page_id=80"},"modified":"2025-10-01T05:23:57","modified_gmt":"2025-10-01T05:23:57","slug":"taxa","status":"publish","type":"page","link":"https:\/\/dppd.valahia.ro\/?page_id=80","title":{"rendered":"Taxe"},"content":{"rendered":"<div class=\"su-box su-box-style-default\" id=\"\" style=\"border-color:#236172;border-radius:20px;max-width:none\"><div class=\"su-box-title\" style=\"background-color:#5694a5;color:#FFFFFF;border-top-left-radius:18px;border-top-right-radius:18px\"><strong>ACHITAREA ONLINE A TAXELOR DE STUDIU \/ ALTE TAXE<\/strong><\/div><div class=\"su-box-content su-u-clearfix su-u-trim\" style=\"border-bottom-left-radius:18px;border-bottom-right-radius:18px\">\n<p>Este disponibil\u0103 plata online a tuturor taxelor (studii, cazare, disciplin\u0103, alte taxe) din platforma web pentru studen\u021bii care se g\u0103sesc la adresa ums.valahia.ro<\/p>\n<p>Informa\u021bii detaliate referitoare la modul de efectuare a pl\u0103\u021bilor se g\u0103sesc \u00een mini-manual aferent pl\u0103\u021bii online<\/p>\n<\/div><\/div>\n<p>&nbsp;<\/p>\n<div class=\"su-box su-box-style-default\" id=\"\" style=\"border-color:#236172;border-radius:20px;max-width:none\"><div class=\"su-box-title\" style=\"background-color:#5694a5;color:#FFFFFF;border-top-left-radius:18px;border-top-right-radius:18px\"><strong>Documente ata\u0219ate<\/strong><\/div><div class=\"su-box-content su-u-clearfix su-u-trim\" style=\"border-bottom-left-radius:18px;border-bottom-right-radius:18px\">\n<p style=\"text-align: center;\"><a href=\"http:\/\/dppd.valahia.ro\/wp-content\/uploads\/2020\/11\/Mini_manual_plati_online.pdf\"><span style=\"color: #000080;\"><strong>MINI MANUAL PL\u0102\u021aI ONLINE<\/strong><\/span><\/a><\/p>\n<p style=\"text-align: center;\"><a href=\"http:\/\/dppd.valahia.ro\/wp-content\/uploads\/2025\/07\/TAXE_DE_SCOLARIZARE.pdf\"><span style=\"color: #000080;\"><strong>TAXE DE \u0218COLARIZARE<\/strong><\/span><\/a><\/p>\n<\/div><\/div>\n","protected":false},"excerpt":{"rendered":"<p>&nbsp;<\/p>\n","protected":false},"author":2,"featured_media":0,"parent":0,"menu_order":0,"comment_status":"closed","ping_status":"closed","template":"","meta":{"footnotes":""},"class_list":["post-80","page","type-page","status-publish","hentry"],"_links":{"self":[{"href":"https:\/\/dppd.valahia.ro\/index.php?rest_route=\/wp\/v2\/pages\/80","targetHints":{"allow":["GET"]}}],"collection":[{"href":"https:\/\/dppd.valahia.ro\/index.php?rest_route=\/wp\/v2\/pages"}],"about":[{"href":"https:\/\/dppd.valahia.ro\/index.php?rest_route=\/wp\/v2\/types\/page"}],"author":[{"embeddable":true,"href":"https:\/\/dppd.valahia.ro\/index.php?rest_route=\/wp\/v2\/users\/2"}],"replies":[{"embeddable":true,"href":"https:\/\/dppd.valahia.ro\/index.php?rest_route=%2Fwp%2Fv2%2Fcomments&post=80"}],"version-history":[{"count":30,"href":"https:\/\/dppd.valahia.ro\/index.php?rest_route=\/wp\/v2\/pages\/80\/revisions"}],"predecessor-version":[{"id":2811,"href":"https:\/\/dppd.valahia.ro\/index.php?rest_route=\/wp\/v2\/pages\/80\/revisions\/2811"}],"wp:attachment":[{"href":"https:\/\/dppd.valahia.ro\/index.php?rest_route=%2Fwp%2Fv2%2Fmedia&parent=80"}],"curies":[{"name":"wp","href":"https:\/\/api.w.org\/{rel}","templated":true}]}}