{"id":78,"date":"2020-05-30T14:25:07","date_gmt":"2020-05-30T14:25:07","guid":{"rendered":"http:\/\/dppd-test.valahia.ro\/?page_id=78"},"modified":"2026-03-31T09:58:17","modified_gmt":"2026-03-31T09:58:17","slug":"programare-examene","status":"publish","type":"page","link":"https:\/\/dppd.valahia.ro\/?page_id=78","title":{"rendered":"Programare refacere credite, examene, colocvii"},"content":{"rendered":"<div class=\"su-box su-box-style-default\" id=\"10\" style=\"border-color:#236172;border-radius:20px;max-width:none\"><div class=\"su-box-title\" style=\"background-color:#5694a5;color:#FFFFFF;border-top-left-radius:18px;border-top-right-radius:18px\"><strong>Documente ata\u0219ate<\/strong><\/div><div class=\"su-box-content su-u-clearfix su-u-trim\" style=\"border-bottom-left-radius:18px;border-bottom-right-radius:18px\">\n<p style=\"text-align: center;\"><a href=\"http:\/\/dppd.valahia.ro\/wp-content\/uploads\/2026\/03\/restante_aprilie_2026-2.pdf\"><span style=\"color: #000080;\"><strong><em>Programare refacere credite aprilie<\/em><\/strong><\/span><span style=\"color: #000080;\"><strong><em>, 2026<\/em><\/strong><\/span><\/a><\/p>\n<p style=\"text-align: center;\"><span style=\"color: #000080;\"><strong><em>Cererile pentru \u00eenscriere refacere credite se primesc p\u00e2n\u0103 vineri 17.04.2026, ora 12<\/em><\/strong><\/span><\/p>\n<p>&nbsp;<\/p>\n<p style=\"text-align: center;\"><a href=\"http:\/\/dppd.valahia.ro\/wp-content\/uploads\/2026\/01\/programare-examene-N-I-RP-2026-sem-I.pdf\"><span style=\"color: #000080;\"><strong><em>Programare examene, Nivelul I- Regim Postuniversitar- sem I, 2026<\/em><\/strong><\/span><\/a><\/p>\n<p style=\"text-align: center;\"><a href=\"http:\/\/dppd.valahia.ro\/wp-content\/uploads\/2026\/01\/programare-ex-an-I-an-II-si-an-III-2026-1.pdf\"><span style=\"color: #000080;\"><strong><em>Programare examene, Nivelul I- Studen\u021bi, Anul I, II \u0219i III- sem I, 2026<\/em><\/strong><\/span><\/a><\/p>\n<p style=\"text-align: center;\"><a href=\"http:\/\/dppd.valahia.ro\/wp-content\/uploads\/2026\/01\/programare-examene-N-II-RP-2026-sem-I.pdf\"><span style=\"color: #000080;\"><strong><em>Programare examene, Nivelul II- Regim Postuniversitar- sem I, 2026<\/em><\/strong><\/span><\/a><\/p>\n<p style=\"text-align: center;\"><a href=\"http:\/\/dppd.valahia.ro\/wp-content\/uploads\/2026\/01\/programare-examene-N-II-Master-An-I-si-AnII-sem-I-2026.pdf\"><span style=\"color: #000080;\"><strong><em>Programare examene, Nivelul II- Master, Anul I \u0219i Anul II- sem I, 2026<\/em><\/strong><\/span><\/a><\/p>\n<p style=\"text-align: center;\"><a href=\"http:\/\/dppd.valahia.ro\/wp-content\/uploads\/2025\/12\/restante_ianuarie_2026.pdf\"><span style=\"color: #000080;\"><strong><em>Programare refacere credite ianuarie<\/em><\/strong><\/span><span style=\"color: #000080;\"><strong><em>, 2026<\/em><\/strong><\/span><\/a><\/p>\n<p>&nbsp;<\/p>\n<p>&nbsp;<\/p>\n<p style=\"text-align: center;\"><a href=\"http:\/\/dppd.valahia.ro\/wp-content\/uploads\/2025\/11\/restante_noiembrie_2025.pdf\"><span style=\"color: #000080;\"><strong><em>Programare refacere credite, noiembrie<\/em><\/strong><\/span><span style=\"color: #000080;\"><strong><em>\u00a02025<\/em><\/strong><\/span><\/a><\/p>\n<p style=\"text-align: center;\"><a href=\"http:\/\/dppd.valahia.ro\/wp-content\/uploads\/2025\/08\/restante_sept_2025-1.pdf\"><span style=\"color: #000080;\"><strong><em>Programare refacere credite, septembrie<\/em><\/strong><\/span><span style=\"color: #000080;\"><strong><em>\u00a02025<\/em><\/strong><\/span><\/a><\/p>\n<p style=\"text-align: center;\"><a href=\"http:\/\/dppd.valahia.ro\/wp-content\/uploads\/2025\/07\/restante_sept_2025.pdf\"><span style=\"color: #000080;\"><strong><em>Programare refacere credite, iunie<\/em><\/strong><\/span><span style=\"color: #000080;\"><strong><em>\u00a02025<\/em><\/strong><\/span><\/a><\/p>\n<p style=\"text-align: center;\"><a href=\"http:\/\/dppd.valahia.ro\/wp-content\/uploads\/2025\/05\/programare-examene-N-I-RP-2025-sem-II-1.pdf\"><span style=\"color: #000080;\"><strong><em>Programare examene, Nivelul I- Regim Postuniversitar- sem II, 2025<\/em><\/strong><\/span><\/a><\/p>\n<p style=\"text-align: center;\"><a href=\"http:\/\/dppd.valahia.ro\/wp-content\/uploads\/2025\/05\/programare-ex-An-I-si-An-II-sem-II-iun-2025-2.pdf\"><span style=\"color: #000080;\"><strong><em>Programare examene, Nivelul I- Studen\u021bi, Anul I, II \u0219i III- sem<\/em><\/strong><\/span><span style=\"color: #000080;\"><strong><em> II, 2025<\/em><\/strong><\/span><\/a><\/p>\n<p style=\"text-align: center;\"><a href=\"http:\/\/dppd.valahia.ro\/wp-content\/uploads\/2025\/05\/programare-examene-N-II-RP-2025-sem-II.pdf\"><span style=\"color: #000080;\"><strong><em>Programare examene, Nivelul II- Regim Postuniversitar- sem II, 2025<\/em><\/strong><\/span><\/a><\/p>\n<p style=\"text-align: center;\"><a href=\"http:\/\/dppd.valahia.ro\/wp-content\/uploads\/2025\/05\/programare-examene-N-II-Master-An-I-2025-sem-II.pdf\"><span style=\"color: #000080;\"><strong><em>Programare examene, Nivelul II- Master, Anul I &#8211; sem II, 2025<\/em><\/strong><\/span><\/a><\/p>\n<p style=\"text-align: center;\"><a href=\"http:\/\/dppd.valahia.ro\/wp-content\/uploads\/2025\/05\/programare-colocvii-mai-N-I-RP-2025-sem-II-1.pdf\"><span style=\"color: #000080;\"><strong><em>Programare colocvii, Nivelul I- Regim Postuniversitar- sem II, 2025<\/em><\/strong><\/span><\/a><\/p>\n<p style=\"text-align: center;\"><a href=\"http:\/\/dppd.valahia.ro\/wp-content\/uploads\/2025\/05\/programare-colocvii-sem-II-mai-2025-AN-III-2.pdf\"><span style=\"color: #000080;\"><strong><em>Programare colocvii, Nivelul I- Studen\u021bi, Anul\u00a0 III- sem II, 2025<\/em><\/strong><\/span><\/a><\/p>\n<p style=\"text-align: center;\"><a href=\"http:\/\/dppd.valahia.ro\/wp-content\/uploads\/2025\/05\/programare-colocvii-sem-II-mai-2025-Nivelul-II-REG-POST.pdf\"><span style=\"color: #000080;\"><strong><em>Programare colocvii, Nivelul II- Regim Postuniversitar- sem II, 2025<\/em><\/strong><\/span><\/a><\/p>\n<p style=\"text-align: center;\"><a href=\"http:\/\/dppd.valahia.ro\/wp-content\/uploads\/2025\/05\/programare-colocvii-sem-II-mai-2025-Nivelul-II-Master.pdf\"><span style=\"color: #000080;\"><strong><em>Programare colocvii, Nivelul II- Master- sem II, 2025<\/em><\/strong><\/span><\/a><\/p>\n<p style=\"text-align: center;\"><a href=\"http:\/\/dppd.valahia.ro\/wp-content\/uploads\/2025\/05\/restante_mai_2025-1.pdf\"><span style=\"color: #000080;\"><strong><em>Programare refacere credite, mai<\/em><\/strong><\/span><span style=\"color: #000080;\"><strong><em>\u00a02025<\/em><\/strong><\/span><\/a><\/p>\n<p style=\"text-align: center;\"><a href=\"http:\/\/dppd.valahia.ro\/wp-content\/uploads\/2025\/03\/restante_aprilie_2025.pdf\"><span style=\"color: #000080;\"><strong><em>Programare refacere credite, aprilie<\/em><\/strong><\/span><span style=\"color: #000080;\"><strong><em>\u00a02025<\/em><\/strong><\/span><\/a><\/p>\n<p style=\"text-align: center;\"><a href=\"http:\/\/dppd.valahia.ro\/wp-content\/uploads\/2025\/01\/programare-examene-N-I-RP-2025-sem-I.pdf\"><span style=\"color: #000080;\"><strong><em>Programare examene, Nivelul I- Regim Postuniversitar- sem I, 2025<\/em><\/strong><\/span><\/a><\/p>\n<p style=\"text-align: center;\"><a href=\"http:\/\/dppd.valahia.ro\/wp-content\/uploads\/2025\/01\/programare-ex-an-I-an-II-si-an-III-2025.pdf\"><span style=\"color: #000080;\"><strong><em>Programare examene, Nivelul I- Studen\u021bi, Anul I, II \u0219i III- sem I, 2025<\/em><\/strong><\/span><\/a><\/p>\n<p style=\"text-align: center;\"><a href=\"http:\/\/dppd.valahia.ro\/wp-content\/uploads\/2025\/01\/programare-examene-N-II-RP-2025-sem-I.pdf\"><span style=\"color: #000080;\"><strong><em>Programare examene, Nivelul II- Regim Postuniversitar- sem I, 2025<\/em><\/strong><\/span><\/a><\/p>\n<p style=\"text-align: center;\"><a href=\"http:\/\/dppd.valahia.ro\/wp-content\/uploads\/2025\/01\/programare-examene-N-II-Master-An-I-si-AnII-sem-I-2025.pdf\"><span style=\"color: #000080;\"><strong><em>Programare examene, Nivelul II- Master, Anul I \u0219i Anul II- sem I, 2025<\/em><\/strong><\/span><\/a><\/p>\n<p style=\"text-align: center;\"><a href=\"http:\/\/dppd.valahia.ro\/wp-content\/uploads\/2025\/01\/programare-colocvii-semI-ian-2025-AN-III.pdf\"><span style=\"color: #000080;\"><strong><em>Programare colocvii sem I, 2025<\/em><\/strong><\/span><\/a><\/p>\n<p style=\"text-align: center;\"><span style=\"color: #000080;\"><strong><em>Programare refacere credite ianuarie<\/em><\/strong><\/span><a href=\"http:\/\/dppd.valahia.ro\/wp-content\/uploads\/2024\/12\/restante_ianuarie_2025-1.pdf\"><span style=\"color: #000080;\"><strong><em>, 2025<\/em><\/strong><\/span><\/a><\/p>\n<p>&nbsp;<\/p>\n<p style=\"text-align: center;\"><a href=\"http:\/\/dppd.valahia.ro\/wp-content\/uploads\/2024\/11\/restante_noiembrie_2024.pdf\"><span style=\"color: #000080;\"><strong><em>Programare refacere credite &#8211; 18-22 noiembrie, 2024<\/em><\/strong><\/span><\/a><\/p>\n<p style=\"text-align: center;\"><a href=\"http:\/\/dppd.valahia.ro\/wp-content\/uploads\/2024\/09\/restante_sept_extra2024.pdf\"><span style=\"color: #000080;\"><strong><em>Programare refacere credite &#8211; 18-20 septembrie, 2024<\/em><\/strong><\/span><\/a><\/p>\n<p style=\"text-align: center;\"><a href=\"http:\/\/dppd.valahia.ro\/wp-content\/uploads\/2024\/08\/restante_sept_2024-1.pdf\"><span style=\"color: #000080;\"><strong><em>Programare refacere credite septembrie, 2024<\/em><\/strong><\/span><\/a><\/p>\n<p style=\"text-align: center;\"><a href=\"http:\/\/dppd.valahia.ro\/wp-content\/uploads\/2024\/06\/restante_iunie_2024-1.pdf\"><span style=\"color: #000080;\"><strong><em>Programare refacere credite iunie, 2024<\/em><\/strong><\/span><\/a><\/p>\n<p style=\"text-align: center;\"><a href=\"http:\/\/dppd.valahia.ro\/wp-content\/uploads\/2024\/06\/programare-examene-N-I-RP-2024-sem-II.pdf\"><span style=\"color: #000080;\"><strong><em>Programare examene, Nivelul I- Regim Postuniversitar- sem II, 2024<\/em><\/strong><\/span><\/a><\/p>\n<p style=\"text-align: center;\"><a href=\"http:\/\/dppd.valahia.ro\/wp-content\/uploads\/2024\/06\/programare-ex-An-I-si-An-II-sem-II-iun-2024.pdf\"><span style=\"color: #000080;\"><strong><em>Programare examene, Nivelul I- Studen\u021bi &#8211; sem II, 2024<\/em><\/strong><\/span><\/a><\/p>\n<p style=\"text-align: center;\"><a href=\"http:\/\/dppd.valahia.ro\/wp-content\/uploads\/2024\/05\/programare-examene-N-II-RP-2024-sem-II.pdf\"><span style=\"color: #000080;\"><strong><em>Programare examene, Nivelul II- Regim Postuniversitar- sem II, 2024<\/em><\/strong><\/span><\/a><\/p>\n<p style=\"text-align: center;\"><a href=\"http:\/\/dppd.valahia.ro\/wp-content\/uploads\/2024\/05\/programare-examene-N-II-Master-An-I-2024-sem-II.pdf\"><span style=\"color: #000080;\"><strong><em>Programare examene, Nivelul II- Master, Anul I- sem II, 2024<\/em><\/strong><\/span><\/a><\/p>\n<p style=\"text-align: center;\"><a href=\"http:\/\/dppd.valahia.ro\/wp-content\/uploads\/2024\/05\/restante_mai_2024-nou-1.pdf\"><span style=\"color: #000080;\"><strong><em>Programare refacere credite mai, 2024<\/em><\/strong><\/span><\/a><\/p>\n<p style=\"text-align: center;\"><a href=\"http:\/\/dppd.valahia.ro\/wp-content\/uploads\/2024\/05\/programare-colocvii-sem-II-mai-2024-N-I-RP.pdf\"><span style=\"color: #000080;\"><strong><em>Programare colocvii, Nivelul I- Regim Postuniversitar- sem II, 2024<\/em><\/strong><\/span><\/a><\/p>\n<p style=\"text-align: center;\"><a href=\"http:\/\/dppd.valahia.ro\/wp-content\/uploads\/2024\/05\/programare-colocvii-sem-II-mai-2024-AN-III.pdf\"><span style=\"color: #000080;\"><strong><em>Programare colocvii, Nivelul I- Studen\u021bi, Anul III- sem II, 2024<\/em><\/strong><\/span><\/a><\/p>\n<p style=\"text-align: center;\"><a href=\"http:\/\/dppd.valahia.ro\/wp-content\/uploads\/2024\/05\/programare-colocvii-sem-II-mai-2024-Nivelul-II-REG-POST.pdf\"><span style=\"color: #000080;\"><strong><em>Programare colocvii, Nivelul II- Regim Postuniversitar- sem II, 2024<\/em><\/strong><\/span><\/a><\/p>\n<p style=\"text-align: center;\"><a href=\"http:\/\/dppd.valahia.ro\/wp-content\/uploads\/2024\/05\/programare-colocvii-sem-II-mai-2024-Nivelul-II-Master.pdf\"><span style=\"color: #000080;\"><strong><em>Programare colocvii, Nivelul II- Master, Anul II- sem II, 2024<\/em><\/strong><\/span><\/a><\/p>\n<p style=\"text-align: center;\"><a href=\"http:\/\/dppd.valahia.ro\/wp-content\/uploads\/2024\/04\/restante_aprilie_2024-3.pdf\"><span style=\"color: #000080;\"><strong><em>Programare refacere credite aprilie, 2024<\/em><\/strong><\/span><\/a><\/p>\n<p style=\"text-align: center;\"><a href=\"http:\/\/dppd.valahia.ro\/wp-content\/uploads\/2024\/01\/programare-examene-N-I-RP-2024-sem-I.pdf\"><span style=\"color: #000080;\"><strong><em>Programare examene, Nivelul I- Regim Postuniversitar- sem I, 2024<\/em><\/strong><\/span><\/a><\/p>\n<p style=\"text-align: center;\"><a href=\"http:\/\/dppd.valahia.ro\/wp-content\/uploads\/2024\/01\/programare-ex-an-I-an-II-si-an-III-2024.pdf\"><span style=\"color: #000080;\"><strong><em>Programare examene, Nivelul I- Studen\u021bi, Anul I, II \u0219i III- sem I, 2024<\/em><\/strong><\/span><\/a><\/p>\n<p style=\"text-align: center;\"><a href=\"http:\/\/dppd.valahia.ro\/wp-content\/uploads\/2024\/01\/programare-examene-N-II-RP-2024-sem-I-2.pdf\"><span style=\"color: #000080;\"><strong><em>Programare examene, Nivelul II- Regim Postuniversitar- sem I, 2024<\/em><\/strong><\/span><\/a><\/p>\n<p style=\"text-align: center;\"><a href=\"http:\/\/dppd.valahia.ro\/wp-content\/uploads\/2024\/01\/programare-examene-N-II-Master-An-I-si-AnII-sem-I-2024-1.pdf\"><span style=\"color: #000080;\"><strong><em>Programare examene, Nivelul II- Master, Anul I \u0219i Anul II- sem I, 2024<\/em><\/strong><\/span><\/a><\/p>\n<p style=\"text-align: center;\"><a href=\"http:\/\/dppd.valahia.ro\/wp-content\/uploads\/2024\/01\/programare-colocvii-semI-ian-2024-AN-III.pdf\"><span style=\"color: #000080;\"><strong><em>Programare colocvii sem I, 2024<\/em><\/strong><\/span><\/a><\/p>\n<p style=\"text-align: center;\"><a href=\"http:\/\/dppd.valahia.ro\/wp-content\/uploads\/2023\/12\/restante_ianuarie_2024.pdf\"><span style=\"color: #000080;\"><strong><em>Programare refacere credite ianuarie, 2024<\/em><\/strong><\/span><\/a><\/p>\n<p>&nbsp;<\/p>\n<p style=\"text-align: center;\"><a href=\"http:\/\/dppd.valahia.ro\/wp-content\/uploads\/2023\/11\/restante_noiembrie_2023.pdf\"><span style=\"color: #000080;\"><strong><em>Programare refacere credite noiembrie, 2023<\/em><\/strong><\/span><\/a><\/p>\n<p style=\"text-align: center;\"><a href=\"http:\/\/dppd.valahia.ro\/wp-content\/uploads\/2023\/08\/restante_sept_2023.pdf\"><span style=\"color: #000080;\"><strong><em>Programare refacere credite septembrie, 2023<\/em><\/strong><\/span><\/a><\/p>\n<\/div><\/div>\n","protected":false},"excerpt":{"rendered":"","protected":false},"author":2,"featured_media":0,"parent":0,"menu_order":0,"comment_status":"closed","ping_status":"closed","template":"","meta":{"footnotes":""},"class_list":["post-78","page","type-page","status-publish","hentry"],"_links":{"self":[{"href":"https:\/\/dppd.valahia.ro\/index.php?rest_route=\/wp\/v2\/pages\/78","targetHints":{"allow":["GET"]}}],"collection":[{"href":"https:\/\/dppd.valahia.ro\/index.php?rest_route=\/wp\/v2\/pages"}],"about":[{"href":"https:\/\/dppd.valahia.ro\/index.php?rest_route=\/wp\/v2\/types\/page"}],"author":[{"embeddable":true,"href":"https:\/\/dppd.valahia.ro\/index.php?rest_route=\/wp\/v2\/users\/2"}],"replies":[{"embeddable":true,"href":"https:\/\/dppd.valahia.ro\/index.php?rest_route=%2Fwp%2Fv2%2Fcomments&post=78"}],"version-history":[{"count":310,"href":"https:\/\/dppd.valahia.ro\/index.php?rest_route=\/wp\/v2\/pages\/78\/revisions"}],"predecessor-version":[{"id":2974,"href":"https:\/\/dppd.valahia.ro\/index.php?rest_route=\/wp\/v2\/pages\/78\/revisions\/2974"}],"wp:attachment":[{"href":"https:\/\/dppd.valahia.ro\/index.php?rest_route=%2Fwp%2Fv2%2Fmedia&parent=78"}],"curies":[{"name":"wp","href":"https:\/\/api.w.org\/{rel}","templated":true}]}}