{"id":74,"date":"2020-05-30T14:24:08","date_gmt":"2020-05-30T14:24:08","guid":{"rendered":"http:\/\/dppd-test.valahia.ro\/?page_id=74"},"modified":"2021-02-10T13:52:46","modified_gmt":"2021-02-10T13:52:46","slug":"proiecte-de-cercetare-dezvoltare","status":"publish","type":"page","link":"https:\/\/dppd.valahia.ro\/?page_id=74","title":{"rendered":"Proiecte de cercetare-dezvoltare"},"content":{"rendered":"<p><span style=\"display: inline !important; float: none; background-color: #ffffff; color: #333333; cursor: text; font-family: Georgia,'Times New Roman','Bitstream Charter',Times,serif; font-size: 16px; font-style: normal; font-variant: normal; font-weight: 400; letter-spacing: normal; orphans: 2; text-align: left; text-decoration: none; text-indent: 0px; text-transform: none; -webkit-text-stroke-width: 0px; white-space: normal; word-spacing: 0px;\"><div class=\"su-box su-box-style-default\" id=\"\" style=\"border-color:#236172;border-radius:20px;max-width:none\"><div class=\"su-box-title\" style=\"background-color:#5694a5;color:#FFFFFF;border-top-left-radius:18px;border-top-right-radius:18px\"><\/div><div class=\"su-box-content su-u-clearfix su-u-trim\" style=\"border-bottom-left-radius:18px;border-bottom-right-radius:18px\"><\/span>Proiecte, granturi \u0219i contracte de cercetare \u0219tiin\u021bific\u0103, proiecte de dezvoltare institu\u021bional\u0103 \u0219i educa\u021bionale, \u00een care membrii Centrului de Cercetare \u015fi Inovare \u00een \u015etiin\u0163ele Educa\u0163iei \u201cI.T. Radu\u201d au fost fie coordonatori, fie au f\u0103cut parte din echipa de management \u0219i\/sau de implementare:<\/p>\n<\/div><\/div>\n<p><span style=\"display: inline !important; float: none; background-color: #ffffff; color: #333333; cursor: text; font-family: Georgia,'Times New Roman','Bitstream Charter',Times,serif; font-size: 16px; font-style: normal; font-variant: normal; font-weight: 400; letter-spacing: normal; orphans: 2; text-align: left; text-decoration: none; text-indent: 0px; text-transform: none; -webkit-text-stroke-width: 0px; white-space: normal; word-spacing: 0px;\"><div class=\"su-box su-box-style-default\" id=\"\" style=\"border-color:#236172;border-radius:20px;max-width:none\"><div class=\"su-box-title\" style=\"background-color:#5694a5;color:#FFFFFF;border-top-left-radius:18px;border-top-right-radius:18px\"><strong>A. Interna\u021bionale<\/strong><\/div><div class=\"su-box-content su-u-clearfix su-u-trim\" style=\"border-bottom-left-radius:18px;border-bottom-right-radius:18px\">\n<\/span>\u2022 ERASMUS+ Project (KA2 Action): \u201c<strong>Next Generation Science Standards through STEAM\u00a0\u2013 NGSS<\/strong>\u201d \u2013\u00a02020-1-TR01-KA201-0944\u00a0(2020-2023);<span style=\"display: inline !important; float: none; background-color: #ffffff; color: #333333; cursor: text; font-family: Georgia,'Times New Roman','Bitstream Charter',Times,serif; font-size: 16px; font-style: normal; font-variant: normal; font-weight: 400; letter-spacing: normal; orphans: 2; text-align: left; text-decoration: none; text-indent: 0px; text-transform: none; -webkit-text-stroke-width: 0px; white-space: normal; word-spacing: 0px;\"><br \/>\n<\/span>\u2022 Horizon 2020 Project (H2020-EU.5.d. &#8211; code 872814): \u201c<strong>CONNECT: Inclusive open schooling through engaging and future oriented science <\/strong>\u201d (2020-2023);<br \/>\n\u2022 ERASMUS+ Project (KA3 Action): \u201c<strong>Raise Against Intolerance. New Bridges on the Web &#8211; RAIN.BOW<\/strong>\u201d &#8211; 612131- EPP-1-2019-1-ITEPPKA3-IPI-SOCIN (2020-2023);<br \/>\n\u2022 ERASMUS+ Project (KA2 Action): \u201c<strong>Didactic QUALity Assessment for Innovation of Teaching and Learning Improvement &#8211; QUALITI<\/strong>\u201d &#8211; 2019-1-IT02-KA203-063157 (2019-2022);<br \/>\n\u2022 ERASMUS+ Project (KA2 Action): \u201c<strong>A.C.C.E.S.S. &#8211; Active Cross-sectoral Cooperation for Educational and Social Success<\/strong>\u201d &#8211; 2018-1-IT02-KA201-048481 (2018-2021);<br \/>\n\u2022 ERASMUS+ Project (KA2 Action): \u201c<strong>IoT in Education &#8211; We are the makers!<\/strong>\u201d &#8211; 2017-1-DE03-KA201-035615 (2017-2020);<br \/>\n\u2022 FP7 Project (SiS.2013.2.2.1-1 &#8211; code 612269): \u201c<strong>ENGAGE &#8211; Equipping the Next Generation for Active Engagement in Science<\/strong>\u201d (2014-2017);<br \/>\n\u2022 ERASMUS+ Project (KA2 Action): \u201c<strong>EduForHealth &#8211; Let\u2019s make it better! Raising the awareness of the triad nutrition-health-food safety in school education<\/strong>\u201d &#8211; 2014-1-RO01-KA200-002931 (2014-2016);<br \/>\n\u2022 FP7 Project (SiS.2013.2.2.1-1 &#8211; code 612367): \u201c<strong>IRRESISTIBLE &#8211; Including Responsible Research and Innovation in Cutting Edge Science and Inquiry-based Science Education to Improve Teacher\u2019s Ability of Bridging Learning Environments<\/strong>\u201d (2013-2016);<br \/>\n\u2022 FP7 Project (SiS-2010-2.2.1.1 &#8211; code 266589): \u201c<strong>PROFILES &#8211; Professional Reflection-Oriented Focus on Inquiry-based Learning and Education through Science<\/strong>\u201d (2011-2015);<br \/>\n\u2022 LLP Project (KA3 Action): \u201c<strong>NTSE &#8211; Nano-Tech Science Education<\/strong>\u201d &#8211; 511787-LLP-1-2010-1-TR-KA3-KA3MP (2011-2013);<br \/>\n\u2022 LLP Project (CMP Action): \u201c<strong>SUSTAIN &#8211; Sustaining Development in Early School Education<\/strong>\u201d &#8211; 518321-LLP-1-2011-1-TR-COMENIUS-CMP (2011-2013);<br \/>\n\u2022 LLP Project (KA3 Action): \u201c<strong>CoCreat &#8211; Enabling Creative Collaboration through Supportive Technologies<\/strong>\u201d &#8211; 511733-LLP-1-2010-1-FI-KA3-KA3MP (2010-2013);<\/div><\/div>\n<div class=\"su-box su-box-style-default\" id=\"\" style=\"border-color:#236172;border-radius:20px;max-width:none\"><div class=\"su-box-title\" style=\"background-color:#5694a5;color:#FFFFFF;border-top-left-radius:18px;border-top-right-radius:18px\"><strong>B. Na\u021bionale<\/strong><\/div><div class=\"su-box-content su-u-clearfix su-u-trim\" style=\"border-bottom-left-radius:18px;border-bottom-right-radius:18px\">\n<p>\u2022 PN III &#8211; UEFISCDI (Programul 3 &#8211; Cooperarea European\u0103 \u0219i Interna\u021bional\u0103): \u201c<strong>\u0218coal\u0103 deschis\u0103 incluziv\u0103 prin \u0219tiin\u021be captivante \u0219i orientate spre viitor<\/strong>\u201d \u2013 PN-III-P3-3.6-H2020-2020-0103 (2021-2022);<br \/>\n\u2022 FDI (CNFIS-FDI-2020-0462): \u201c<strong>Etic\u0103, profesionalism \u015fi performan\u0163\u0103 &#8211; garan\u0163i ai culturii calit\u0103\u0163ii academice &#8211; GarantEQ<\/strong>\u201d (mai-decembrie 2020);<br \/>\n\u2022 FDI (CNFIS-FDI-2019-0225): \u201c<strong>Comunicare, calitate, etic\u0103 &#8211; piloni ai succesului academic<\/strong>\u201d (mai-decembrie 2019);<br \/>\n\u2022 FDI (CNFIS-FDI-2018-0069): \u201c<strong>Calitate, etic\u0103 \u0219i integritate academic\u0103 &#8211; fundamente pentru optimizarea activit\u0103\u021bii didactice<\/strong>\u201d (mai-decembrie 2018);<br \/>\n\u2022 ROSE &#8211; Schema de granturi competitive pentru universit\u0103\u021bi &#8211; Centre de \u00cenv\u0103\u021bare (I\/CI\/10 &#8211; Acord de Grant 81\/SGU\/cili\/18.12.2017): \u201c<strong>Centrul de \u00cenv\u0103\u021bare \u201cPro Academica\u201d &#8211; Servicii \u0219i suport logistic pentru studen\u021bi<\/strong>\u201d (2017-2020);<br \/>\n\u2022 POS-DRU (POSDRU\/157\/1.3\/S\/141587): \u201c<strong>Re\u021bea de formare continu\u0103 a cadrelor didactice pentru a utiliza multimedia, instrumenta\u021bia virtual\u0103 \u0219i web 2.0 \u00een aria curricular\u0103 Matematic\u0103 \u0219i \u0218tiin\u021be ale naturii &#8211; ProWeb<\/strong>\u201d (2014-2015);<br \/>\n\u2022 POS-DRU (POSDRU 156\/1.2\/G\/137464): \u201c<strong>EduWeb &#8211; Noi competen\u021be privind utilizarea aplica\u021biilor multimedia, web 2.0 \u015fi a instrumenta\u0163iei virtuale &#8211; o garan\u0163ie a calit\u0103\u0163ii calific\u0103rilor universitare<\/strong>\u201d (2014-2015);<\/p>\n<\/div><\/div>\n","protected":false},"excerpt":{"rendered":"","protected":false},"author":2,"featured_media":0,"parent":0,"menu_order":0,"comment_status":"closed","ping_status":"closed","template":"","meta":{"footnotes":""},"class_list":["post-74","page","type-page","status-publish","hentry"],"_links":{"self":[{"href":"https:\/\/dppd.valahia.ro\/index.php?rest_route=\/wp\/v2\/pages\/74","targetHints":{"allow":["GET"]}}],"collection":[{"href":"https:\/\/dppd.valahia.ro\/index.php?rest_route=\/wp\/v2\/pages"}],"about":[{"href":"https:\/\/dppd.valahia.ro\/index.php?rest_route=\/wp\/v2\/types\/page"}],"author":[{"embeddable":true,"href":"https:\/\/dppd.valahia.ro\/index.php?rest_route=\/wp\/v2\/users\/2"}],"replies":[{"embeddable":true,"href":"https:\/\/dppd.valahia.ro\/index.php?rest_route=%2Fwp%2Fv2%2Fcomments&post=74"}],"version-history":[{"count":11,"href":"https:\/\/dppd.valahia.ro\/index.php?rest_route=\/wp\/v2\/pages\/74\/revisions"}],"predecessor-version":[{"id":1056,"href":"https:\/\/dppd.valahia.ro\/index.php?rest_route=\/wp\/v2\/pages\/74\/revisions\/1056"}],"wp:attachment":[{"href":"https:\/\/dppd.valahia.ro\/index.php?rest_route=%2Fwp%2Fv2%2Fmedia&parent=74"}],"curies":[{"name":"wp","href":"https:\/\/api.w.org\/{rel}","templated":true}]}}