{"id":7,"date":"2020-05-30T13:53:00","date_gmt":"2020-05-30T13:53:00","guid":{"rendered":"http:\/\/dppd-test.valahia.ro\/?page_id=7"},"modified":"2025-09-25T11:59:45","modified_gmt":"2025-09-25T11:59:45","slug":"admitere","status":"publish","type":"page","link":"https:\/\/dppd.valahia.ro\/?page_id=7","title":{"rendered":"Admitere"},"content":{"rendered":"<div class=\"su-box su-box-style-default\" id=\"\" style=\"border-color:#236172;border-radius:20px;max-width:none\"><div class=\"su-box-title\" style=\"background-color:#5694a5;color:#FFFFFF;border-top-left-radius:18px;border-top-right-radius:18px\">ALEGE S\u0102 FII PROFESOR!<\/div><div class=\"su-box-content su-u-clearfix su-u-trim\" style=\"border-bottom-left-radius:18px;border-bottom-right-radius:18px\">\n<p style=\"text-align: left;\"><strong>Departamentul pentru Preg\u0103tirea Personalului Didactic<\/strong> organizeaz\u0103 \u00eenscrieri pentru urm\u0103toarele programe de formare psihopedagogic\u0103:<\/p>\n<p style=\"text-align: left;\">\u2022 <span style=\"color: #993300;\"><strong>Program de formare psihopedagogic\u0103<\/strong>,<\/span><strong><span style=\"color: #000000;\"><span style=\"color: #993300;\"> Nivel I<\/span>, realizat pe parcursul studiilor universitare de licen\u021b\u0103, monospecializare\/dubl\u0103 specializare<\/span><\/strong>;<\/p>\n<p style=\"text-align: left;\">\u2022 <strong><span style=\"color: #993300;\">Program de formare psihopedagogic\u0103<\/span><\/strong><span style=\"color: #993300;\">, <\/span><strong><span style=\"color: #993300;\">Nivel II<\/span>, realizat pe parcursul studiilor universitare de masterat; <\/strong><\/p>\n<p style=\"text-align: left;\">\u2022 <span style=\"color: #993300;\"><strong>Program de formare psihopedagogic\u0103<\/strong>, <\/span><strong><span style=\"color: #993300;\">Nivel I, realizat \u00een regim postuniversitar<\/span>, dup\u0103 absolvirea studiilor de licen\u021b\u0103 (monospecializare\/dubl\u0103 specializare) sau a altor categorii de studii prev\u0103zute de documentele normative \u00een vigoare.<\/strong><\/p>\n<p style=\"text-align: left;\">\u2022 <strong><span style=\"color: #993300;\">Program de formare psihopedagogic\u0103<\/span><\/strong><span style=\"color: #993300;\">, <\/span><strong><span style=\"color: #993300;\">Nivel II, realizat \u00een regim postuniversitar<\/span>, dup\u0103 absolvirea studiilor universitare de masterat sau a altor categorii de studii prev\u0103zute de documentele normative \u00een vigoare.<\/strong><\/p>\n<\/div><\/div>\n<p><span style=\"text-align: left; color: #000000; text-transform: none; text-indent: 0px; letter-spacing: normal; font-family: Georgia,'Times New Roman','Bitstream Charter',Times,serif; font-size: 16px; font-style: normal; font-variant: normal; font-weight: 400; text-decoration: none; word-spacing: 0px; display: inline !important; white-space: normal; cursor: text; orphans: 2; float: none; -webkit-text-stroke-width: 0px; background-color: #ffffff;\"><div class=\"su-box su-box-style-default\" id=\"\" style=\"border-color:#236172;border-radius:20px;max-width:none\"><div class=\"su-box-title\" style=\"background-color:#5694a5;color:#FFFFFF;border-top-left-radius:18px;border-top-right-radius:18px\">Preciz\u0103ri suplimentare <\/div><div class=\"su-box-content su-u-clearfix su-u-trim\" style=\"border-bottom-left-radius:18px;border-bottom-right-radius:18px\"><\/span><\/p>\n<p class=\"yiv2585012710ydp660e6487MsoNormal\">Studen\u0163ii\/cursan\u0163ii \u00eenscri\u015fi la\u00a0<i>Programul de formare psihopedagogic\u0103 &#8211; Nivelul I \u015fi Nivelul II<\/i>, vor sus\u021bine o prob\u0103 eliminatorie de interviu\u00a0care vizeaz\u0103\u00a0competen\u021bele de comunicare ale candidatului, analiza motiva\u0163iei \u015fi a atitudinii fa\u0163\u0103 de profesia didactic\u0103. Interviul este organizat, f\u0103r\u0103 a aplica niciun fel de criterii discriminatorii, de c\u0103tre o comisie format\u0103 din cadre didactice ale D.P.P.D., acord\u00e2ndu-se calificativele \u201eadmis\u201d sau \u201erespins\u201d.<\/p>\n<p><span lang=\"EN-US\">Admiterea la\u00a0<\/span><i>Programul de formare psihopedagogic\u0103 \u2013 Nivelul I \u015fi Nivelul II<\/i><span lang=\"EN-US\">, a candida\u021bilor declara\u021bi\u00a0<\/span><span lang=\"EN-US\">\u201eadmi\u0219i\u201d \u00een urma sus\u021binerii probei de interviu,<\/span><span lang=\"EN-US\">\u00a0<\/span>se va realiza conform criteriilor de admitere \u0219i departajare, prezentate \u00een anex\u0103, \u00een limita locurilor pentru care se organizeaz\u0103 concursul de admitere \u0219i \u00een raport cu cifra de \u0219colarizare aprobat\u0103 pentru acest program de studii. (conform Anexei 1 <i>Criterii de admitere \u0219i departajare \u2013 Metodologia de admitere la Programele de formare psihopedagogic\u0103<\/i>).<\/p>\n<p><span style=\"color: #000000;\">Prezentarea detaliat\u0103 a condi\u021biilor de \u00eenscriere, pentru fiecare dintre programele de formare psihopedagogic\u0103, poate fi accesat\u0103 pe site-ul D.P.P.D., \u00een sec\u021biunea: <em>Condi\u021bii de \u00censcriere<\/em>.<\/span><\/p>\n<p><span style=\"color: #000000;\">Alte informa\u021bii pute\u021bi ob\u021bine la secretariatul D.P.P.D. din cadrul Universit\u0103\u021bii \u201eValahia\u201d din T\u00e2rgovi\u0219te.<\/span><\/p>\n<h2 style=\"text-align: center;\"><span style=\"color: #ff0000;\"><strong>V\u0103 a\u015ftept\u0103m!<\/strong><\/span><\/h2>\n<\/div><\/div>\n<div class=\"su-box su-box-style-default\" id=\"8\" style=\"border-color:#236172;border-radius:20px;max-width:none\"><div class=\"su-box-title\" style=\"background-color:#5694a5;color:#FFFFFF;border-top-left-radius:18px;border-top-right-radius:18px\">Documente ata\u0219ate<\/div><div class=\"su-box-content su-u-clearfix su-u-trim\" style=\"border-bottom-left-radius:18px;border-bottom-right-radius:18px\">\n<p style=\"text-align: center;\"><a href=\"http:\/\/dppd.valahia.ro\/wp-content\/uploads\/2025\/06\/M-13-Metodologia-de-admitere-la-programele-de-formare-psihopedagogica-2025-senat.pdf\"><strong><span style=\"color: #000080;\">Metodologia de admitere la programele de formare psihopedagogic\u0103<\/span><\/strong><\/a><\/p>\n<p style=\"text-align: center;\"><a href=\"http:\/\/dppd.valahia.ro\/wp-content\/uploads\/2025\/07\/CONDITII-DE-INSCRIERE-DPPD-2025.pdf\"><strong><span style=\"color: #000080;\">Condi\u021biile de \u00eenscriere<\/span><\/strong><\/a><\/p>\n<p style=\"text-align: center;\"><a href=\"http:\/\/dppd.valahia.ro\/wp-content\/uploads\/2025\/07\/Calendar-admitere-la-PFP-1.pdf\"><strong><span style=\"color: #000080;\">Calendar admitere la programele de formare psihopedagogic\u0103<\/span><\/strong><\/a><\/p>\n<p style=\"text-align: center;\"><a href=\"http:\/\/dppd.valahia.ro\/wp-content\/uploads\/2025\/07\/Anunturi-admitere.pdf\"><strong><span style=\"color: #000080;\">Anun\u021buri de admitere<\/span><\/strong><\/a><\/p>\n<p style=\"text-align: center;\"><a href=\"http:\/\/dppd.valahia.ro\/wp-content\/uploads\/2025\/07\/F-545.2017-Ed.4-Cerere-de-inscriere-Niv.I-Studenti.pdf\"><strong><span style=\"color: #000080;\">Cerere de \u00eenscriere\u00a0 nivelul I &#8211; studen\u021bi<\/span><\/strong><\/a><\/p>\n<p style=\"text-align: center;\"><a href=\"http:\/\/dppd.valahia.ro\/wp-content\/uploads\/2025\/07\/F-546.2017-Ed.5-Cerere-de-inscriere-Niv.I-Postuniversitar.pdf\"><strong><span style=\"color: #000080;\">Cerere de \u00eenscriere nivelul I &#8211; postuniversitar<\/span><\/strong><\/a><\/p>\n<p style=\"text-align: center;\"><a href=\"http:\/\/dppd.valahia.ro\/wp-content\/uploads\/2025\/07\/F-688.2022-Ed.2-Cerere-de-inscriere-Niv.I-Postuniversitar_Studenti_Straini.pdf\"><strong><span style=\"color: #000080;\">Cerere de \u00eenscriere nivelul I &#8211; postuniversitar- studen\u021bi st<\/span><\/strong><strong><span style=\"color: #000080;\">r\u0103ini<\/span><\/strong><\/a><\/p>\n<p style=\"text-align: center;\"><a href=\"http:\/\/dppd.valahia.ro\/wp-content\/uploads\/2025\/07\/F-547.2017-Ed.5-Cerere-de-inscriere-Niv.II-Master.pdf\"><strong><span style=\"color: #000080;\">Cerere de \u00eenscriere nivelul II &#8211; Masterat<\/span><\/strong><\/a><\/p>\n<p style=\"text-align: center;\"><a href=\"http:\/\/dppd.valahia.ro\/wp-content\/uploads\/2025\/07\/F-548.2017-Ed.5-Cerere-de-inscriere-Niv.II-Postuniversitar.pdf\"><strong><span style=\"color: #000080;\">Cerere de \u00eenscriere nivelul II &#8211; Postuniversitar<\/span><\/strong><\/a><\/p>\n<p style=\"text-align: center;\"><a href=\"http:\/\/dppd.valahia.ro\/wp-content\/uploads\/2025\/07\/TAXE_DE_SCOLARIZARE.pdf\"><strong><span style=\"color: #000080;\">Taxe de \u0219colarizare<\/span><\/strong><\/a><\/p>\n<p>&nbsp;<\/p>\n<h2 style=\"text-align: center;\"><span style=\"color: #ff0000;\"><strong>2025<\/strong><\/span><\/h2>\n<p style=\"text-align: center;\"><a href=\"http:\/\/dppd.valahia.ro\/wp-content\/uploads\/2025\/09\/Rezultate-finale-Nivelul-I-Studenti-1.pdf\"><strong><span style=\"color: #000080;\">Rezultate finale dup\u0103 \u00eencheierea contractelor de studii -Nivelul I<\/span><\/strong><\/a><\/p>\n<p style=\"text-align: center;\"><a href=\"http:\/\/dppd.valahia.ro\/wp-content\/uploads\/2025\/09\/Rezultate-finale-NIPU.pdf\"><strong><span style=\"color: #000080;\">Rezultate finale dup\u0103 \u00eencheierea contractelor de studii -Nivelul I- Regim Postuniversitar<\/span><\/strong><\/a><\/p>\n<p style=\"text-align: center;\"><a href=\"http:\/\/dppd.valahia.ro\/wp-content\/uploads\/2025\/09\/Rezultate-finale-master.pdf\"><strong><span style=\"color: #000080;\">Rezultate finale dup\u0103 \u00eencheierea contractelor de studii -Nivelul II- Master<\/span><\/strong><\/a><\/p>\n<p>&nbsp;<\/p>\n<p style=\"text-align: center;\"><a href=\"http:\/\/dppd.valahia.ro\/wp-content\/uploads\/2025\/09\/Contracte-incheiate-Nivelul-I-Studenti.pdf\"><strong><span style=\"color: #000080;\">Contracte \u00eencheiate la data de 24.09.2025- Nivelul I\u00a0<\/span><\/strong><\/a><\/p>\n<p style=\"text-align: center;\"><strong><span style=\"color: #000080;\"><a href=\"http:\/\/dppd.valahia.ro\/wp-content\/uploads\/2025\/09\/Contracte-incheiate-NIPU.pdf\">Contracte \u00eencheiate la data de 24.09.2025 &#8211; Nivelul I Regim Postuniversitar<\/a>\u00a0<\/span><\/strong><\/p>\n<p style=\"text-align: center;\"><strong><span style=\"color: #000080;\"><a href=\"http:\/\/dppd.valahia.ro\/wp-content\/uploads\/2025\/09\/Contracte-incheiate-master.pdf\">Contracte \u00eencheiate la data de 24.09.2025 -Nivelul II- Master<\/a>\u00a0<\/span><\/strong><\/p>\n<p style=\"text-align: center;\"><strong><span style=\"color: #000080;\"><a href=\"http:\/\/dppd.valahia.ro\/wp-content\/uploads\/2025\/09\/Contracte-incheiate-NIIPU.pdf\">Contracte \u00eencheiate la data de 24.09.2025 -Nivelul II Regim Postuniversitar<\/a>\u00a0 <\/span><\/strong><\/p>\n<p>&nbsp;<\/p>\n<p style=\"text-align: center;\"><a href=\"http:\/\/dppd.valahia.ro\/wp-content\/uploads\/2025\/09\/Liste_Candidati_Admisi_Nivelul_I_Studenti_2025_2028.pdf\"><strong><span style=\"color: #000080;\">Rezultate admitere Nivelul I- Studen\u021bi- Septembrie 2025<\/span><\/strong><\/a><\/p>\n<p style=\"text-align: center;\"><a href=\"http:\/\/dppd.valahia.ro\/wp-content\/uploads\/2025\/09\/Liste_Candidati_Lista_Asteptare_Nivelul_I_Studenti_2025_2028.pdf\"><strong><span style=\"color: #000080;\">Lista candida\u021bilor \u00een a\u0219teptare Nivelul I- Studen\u021bi- Septembrie 2025<\/span><\/strong><\/a><\/p>\n<p style=\"text-align: center;\"><a href=\"http:\/\/dppd.valahia.ro\/wp-content\/uploads\/2025\/09\/Liste_Candidati_Admisi_Nivelul_I_Studenti_An_II_2024_2027.pdf\"><strong><span style=\"color: #000080;\">Lista candida\u021bilor care solicit\u0103 \u00eenscrierea \u00een an superior &#8211; Septembrie 2025<\/span><\/strong><\/a><\/p>\n<p>&nbsp;<\/p>\n<p style=\"text-align: center;\"><a href=\"http:\/\/dppd.valahia.ro\/wp-content\/uploads\/2025\/09\/Liste_Candidati_Admisi_Nivelul_II_Master_2025_2027.pdf\"><strong><span style=\"color: #000080;\">Rezultate admitere Nivelul II- Master- Septembrie 2025<\/span><\/strong><\/a><\/p>\n<p style=\"text-align: center;\"><a href=\"http:\/\/dppd.valahia.ro\/wp-content\/uploads\/2025\/09\/Liste_Candidati_Lista_Asteptare_Nivelul_II_Master_2025_2027.pdf\"><strong><span style=\"color: #000080;\">Lista candida\u021bilor \u00een a\u0219teptare Nivelul II- Master- Septembrie 2025<\/span><\/strong><\/a><\/p>\n<p>&nbsp;<\/p>\n<p style=\"text-align: center;\"><a href=\"http:\/\/dppd.valahia.ro\/wp-content\/uploads\/2025\/09\/Liste_Candidati_Admisi_Nivelul_I_PU_2025_2026.pdf\"><strong><span style=\"color: #000080;\">Rezultate admitere Nivelul I- Regim Postuniversitar- Septembrie 2025<\/span><\/strong><\/a><\/p>\n<p style=\"text-align: center;\"><a href=\"http:\/\/dppd.valahia.ro\/wp-content\/uploads\/2025\/09\/Liste_Candidati_Lista_Asteptare_Nivelul_I_PU_2025_2026.pdf\"><strong><span style=\"color: #000080;\">Lista candida\u021bilor \u00een a\u0219teptare Nivelul I- Regim Postuniversitar- Septembrie 2025<\/span><\/strong><\/a><\/p>\n<p>&nbsp;<\/p>\n<p style=\"text-align: center;\"><a href=\"http:\/\/dppd.valahia.ro\/wp-content\/uploads\/2025\/09\/Liste_Candidati_Admisi_Nivelul_II_PU_2025_2026.pdf\"><strong><span style=\"color: #000080;\">Rezultate admitere Nivelul II- Regim Postuniversitar- Septembrie 2025<\/span><\/strong><\/a><\/p>\n<p style=\"text-align: center;\"><a href=\"http:\/\/dppd.valahia.ro\/wp-content\/uploads\/2025\/09\/Liste_Candidati_Lista_Asteptare_Nivelul_II_PU_2025_2026.pdf\"><strong><span style=\"color: #000080;\">Lista candida\u021bilor \u00een a\u0219teptare Nivelul II- Regim Postuniversitar- Septembrie 2025<\/span><\/strong><\/a><\/p>\n<p>&nbsp;<\/p>\n<h2 style=\"text-align: center;\"><span style=\"color: #ff0000;\"><strong>2024<\/strong><\/span><\/h2>\n<p style=\"text-align: center;\"><a href=\"http:\/\/dppd.valahia.ro\/wp-content\/uploads\/2024\/09\/rezultate-admitere-LICENTA_R_site-1-1.pdf\">Rezultate admitere Nivelul I &#8211; Septembrie 2024- dup\u0103 redistribuire<\/a><\/p>\n<p style=\"text-align: center;\"><a href=\"http:\/\/dppd.valahia.ro\/wp-content\/uploads\/2024\/09\/lista-asteptare-R_SITE-1.pdf\">Rezultate admitere Nivelul I &#8211; Septembrie 2024- \u00een a\u0219teptare dup\u0103 redistribuire<\/a><\/p>\n<p style=\"text-align: center;\"><a href=\"http:\/\/dppd.valahia.ro\/wp-content\/uploads\/2024\/09\/Lista-cursanti-NIPU_2024-2025_modif_LG_dupa-redistribuire-BUN.pdf\">Rezultate admitere Nivelul I &#8211; Regim Postuniversitar- Septembrie 2024- dup\u0103 redistribuire<\/a><\/p>\n<p style=\"text-align: center;\"><a href=\"http:\/\/dppd.valahia.ro\/wp-content\/uploads\/2024\/09\/Lista-admisi-NIPU_2024-2025_modif_LG.pdf\">Rezultate admitere Nivelul I &#8211; Regim Postuniversitar- Septembrie 2024<\/a><\/p>\n<p style=\"text-align: center;\"><a href=\"http:\/\/dppd.valahia.ro\/wp-content\/uploads\/2024\/09\/rezultate-admitere-NIIPU-SITE.pdf\">Rezultate admitere Nivelul II &#8211; Regim Postuniversitar- Septembrie 2024<\/a><\/p>\n<p style=\"text-align: center;\"><a href=\"http:\/\/dppd.valahia.ro\/wp-content\/uploads\/2024\/09\/rezultate-admitere-LICENTA_site-1.pdf\">Rezultate admitere Nivelul I &#8211; Septembrie 2024<\/a><\/p>\n<p style=\"text-align: center;\"><a href=\"http:\/\/dppd.valahia.ro\/wp-content\/uploads\/2024\/09\/rezultate-admitere-MASTER-SITE.pdf\">Rezultate admitere Nivelul II &#8211; Septembrie 2024<\/a><\/p>\n<p style=\"text-align: center;\"><a href=\"http:\/\/dppd.valahia.ro\/wp-content\/uploads\/2024\/09\/lista-asteptare-SITE.pdf\">Lista candida\u021bilor \u00een a\u0219teptare Nivelul I &#8211; Septembrie 2024<\/a><\/p>\n<p style=\"text-align: center;\"><a href=\"http:\/\/dppd.valahia.ro\/wp-content\/uploads\/2024\/09\/Lista-in-asteptare-NIPU_2024-2025_modif_LG.pdf\">Lista candida\u021bilor \u00een a\u0219teptare Nivelul I &#8211; Regim Postuniversitar &#8211; Septembrie 2024<\/a><\/p>\n<p style=\"text-align: center;\"><a href=\"http:\/\/dppd.valahia.ro\/wp-content\/uploads\/2024\/09\/rezultate-admitere-LICENTA-AN-SUPERIOR-SITE-1_Bun.pdf\">Lista candida\u021bilor care solicit\u0103 \u00eenscrierea \u00een an superior- Septembrie 2024<\/a><\/p>\n<p><span style=\"display: inline !important; float: none; background-color: #ffffff; color: #333333; cursor: text; font-family: Georgia,'Times New Roman','Bitstream Charter',Times,serif; font-size: 16px; font-style: normal; font-variant: normal; font-weight: 400; letter-spacing: normal; orphans: 2; text-align: left; text-decoration: none; text-indent: 0px; text-transform: none; -webkit-text-stroke-width: 0px; white-space: normal; word-spacing: 0px;\"><\/div><\/div><\/span><\/p>\n<p><img loading=\"lazy\" decoding=\"async\" class=\"aligncenter wp-image-249 size-full\" src=\"http:\/\/dppd-test.valahia.ro\/wp-content\/uploads\/2020\/06\/p7-1.jpg\" alt=\"\" width=\"1600\" height=\"960\" srcset=\"https:\/\/dppd.valahia.ro\/wp-content\/uploads\/2020\/06\/p7-1.jpg 1600w, https:\/\/dppd.valahia.ro\/wp-content\/uploads\/2020\/06\/p7-1-300x180.jpg 300w, https:\/\/dppd.valahia.ro\/wp-content\/uploads\/2020\/06\/p7-1-1024x614.jpg 1024w, https:\/\/dppd.valahia.ro\/wp-content\/uploads\/2020\/06\/p7-1-768x461.jpg 768w, https:\/\/dppd.valahia.ro\/wp-content\/uploads\/2020\/06\/p7-1-1536x922.jpg 1536w\" sizes=\"auto, (max-width: 1600px) 100vw, 1600px\" \/><\/p>\n","protected":false},"excerpt":{"rendered":"","protected":false},"author":2,"featured_media":0,"parent":0,"menu_order":0,"comment_status":"closed","ping_status":"closed","template":"","meta":{"footnotes":""},"class_list":["post-7","page","type-page","status-publish","hentry"],"_links":{"self":[{"href":"https:\/\/dppd.valahia.ro\/index.php?rest_route=\/wp\/v2\/pages\/7","targetHints":{"allow":["GET"]}}],"collection":[{"href":"https:\/\/dppd.valahia.ro\/index.php?rest_route=\/wp\/v2\/pages"}],"about":[{"href":"https:\/\/dppd.valahia.ro\/index.php?rest_route=\/wp\/v2\/types\/page"}],"author":[{"embeddable":true,"href":"https:\/\/dppd.valahia.ro\/index.php?rest_route=\/wp\/v2\/users\/2"}],"replies":[{"embeddable":true,"href":"https:\/\/dppd.valahia.ro\/index.php?rest_route=%2Fwp%2Fv2%2Fcomments&post=7"}],"version-history":[{"count":234,"href":"https:\/\/dppd.valahia.ro\/index.php?rest_route=\/wp\/v2\/pages\/7\/revisions"}],"predecessor-version":[{"id":2806,"href":"https:\/\/dppd.valahia.ro\/index.php?rest_route=\/wp\/v2\/pages\/7\/revisions\/2806"}],"wp:attachment":[{"href":"https:\/\/dppd.valahia.ro\/index.php?rest_route=%2Fwp%2Fv2%2Fmedia&parent=7"}],"curies":[{"name":"wp","href":"https:\/\/api.w.org\/{rel}","templated":true}]}}