{"id":30,"date":"2020-05-30T14:01:02","date_gmt":"2020-05-30T14:01:02","guid":{"rendered":"http:\/\/dppd-test.valahia.ro\/?page_id=30"},"modified":"2025-06-10T08:09:13","modified_gmt":"2025-06-10T08:09:13","slug":"legislatie","status":"publish","type":"page","link":"https:\/\/dppd.valahia.ro\/?page_id=30","title":{"rendered":"Legisla\u021bie"},"content":{"rendered":"<div class=\"su-animate\" style=\"opacity:0;-webkit-animation-duration:1s;-webkit-animation-delay:0s;animation-duration:1s;animation-delay:0s;\" data-animation=\"bounceIn\" data-duration=\"1\" data-delay=\"0\"><div class=\"su-box su-box-style-default\" id=\"2\" style=\"border-color:#236172;border-radius:20px;max-width:none\"><div class=\"su-box-title\" style=\"background-color:#5694a5;color:#FFFFFF;border-top-left-radius:18px;border-top-right-radius:18px\"><\/div><div class=\"su-box-content su-u-clearfix su-u-trim\" style=\"border-bottom-left-radius:18px;border-bottom-right-radius:18px\">\n<ul>\n<li>Legea nr. 288\/2004 privind organizarea studiilor universitare, cu modific\u0103rile \u0219i complet\u0103rile ulterioare;<\/li>\n<li>Legea nr. 87\/2006 pentru aprobarea O.U.G. nr. 75\/2005 privind asigurarea calit\u0103\u021bii Educa\u021biei, cu modific\u0103rile \u0219i complet\u0103rile ulterioare;<\/li>\n<li>Legea \u00cenv\u0103\u021b\u0103m\u00e2ntului Preuniversitar nr. 198\/2023, cu modific\u0103rile \u0219i complet\u0103rile ulterioare;<\/li>\n<li>Legea \u00cenv\u0103\u021b\u0103m\u00e2ntului Superior nr. 199\/2023, cu modific\u0103rile \u0219i complet\u0103rile ulterioare;<\/li>\n<li>HG. nr. 731 \/2024 privind organizarea \u0219i func\u021bionarea Ministerului Educa\u021biei, cu modific\u0103rile \u0219i complet\u0103rile ulterioare;<\/li>\n<li>O.M.E.C.T.S. nr. 5561\/2011 privind aprobarea Metodologiei form\u0103rii continue a personalului didactic din \u00eenv\u0103\u021b\u0103m\u00e2ntul preuniversitar, cu modific\u0103rile \u0219i complet\u0103rile ulterioare;<\/li>\n<li>O.M.E.N. nr. 5397\/5.11.2013 pentru modificarea \u0219i completarea Metodologiei privind formarea continu\u0103 a personalului din \u00eenv\u0103\u021b\u0103m\u00e2ntul preuniversitar, aprobat\u0103 prin O.M.E.C.S nr. 5561\/2011;<\/li>\n<li>O.M.E.N. 3240\/26.03.2014 privind modificarea \u0219i completarea O.M.E.C.T.S. nr. 5561\/2011 pentru aprobarea Metodologiei form\u0103rii continue a personalului didactic din \u00eenv\u0103\u021b\u0103m\u00e2ntul preuniversitar;<\/li>\n<li>O.M.E.C.T.S. nr. 5439\/07.10.2015 privind modificarea \u0219i completarea O.M.E.C.T.S. nr. 5561\/2011 pentru aprobarea Metodologiei form\u0103rii continue a personalului didactic din \u00eenv\u0103\u021b\u0103m\u00e2ntul preuniversitar;<\/li>\n<li>O.M.E.N. nr. 5146\/2019 privind aprobarea aplic\u0103rii generalizate a Sistemului european de credite transferabile;<\/li>\n<li>O.M.E. nr. 4303\/2020 pentru modificarea \u0219i completarea Metodologiei privind formarea continu\u0103 a personalului din \u00eenv\u0103\u021b\u0103m\u00e2ntul preuniversitar;<\/li>\n<li>O.M.E. nr. 4813\/2020 pentru aprobarea Regulamentului-cadru privind organizarea \u0219i func\u021bionarea unit\u0103\u021bilor de \u00eenv\u0103\u021b\u0103m\u00e2nt preuniversitar cu statut de unit\u0103\u021bi-pilot, experimentale \u0219i de aplica\u021bie;<\/li>\n<li>O.M.E. nr. 3654\/2021 privind \u00eenfiin\u021barea, organizarea \u0219i func\u021bionarea Bazelor de practic\u0103 pedagogic\u0103;<\/li>\n<li>O.M.E. nr. 4139\/2022 privind aprobarea Metodologiei-cadru de organizare a programului de formare psihopedagogic\u0103 \u00een vederea certific\u0103rii competentelor pentru profesia didactica de c\u0103tre departamentele de specialitate din cadrul institu\u021biilor de \u00eenv\u0103\u021b\u0103m\u00e2nt superior acreditate;<\/li>\n<li>O.M.E. nr. 4224\/2022 privind aprobarea Metodologiei-cadru privind asigurarea calit\u0103\u021bii programelor pentru dezvoltarea profesional\u0103 continu\u0103 a cadrelor didactice din \u00eenv\u0103\u021b\u0103m\u00e2ntul preuniversitar \u0219i de acumulare a creditelor profesionale transferabile;<\/li>\n<li>O.M.E. nr. 6768\/ 2023 pentru aprobarea Metodologiei de acordare a creditelor transferabile \u00een \u00eenv\u0103\u021barea pe tot parcursul vie\u021bii;<\/li>\n<li>O.M.E. nr. 4623\/2024 pentru modificarea \u0219i completarea Metodologiei de acordare a creditelor transferabile \u00een \u00eenv\u0103\u021barea pe tot parcursul vie\u021bii, aprobat\u0103 prin Ordinul ministrului educa\u021biei nr. 6768\/2023;<\/li>\n<li>O.M.E. nr. 5957\/2024, privind componenta re\u021belei na\u021bionale a \u0219colilor de aplica\u021bie pentru anul \u0219colar 2024-2025<\/li>\n<li>O.M.E. nr. 6569\/2024 pentru aprobarea listei institu\u021biilor de \u00eenv\u0103\u021b\u0103m\u00e2nt superior acreditate care organizeaz\u0103, \u00een anul universitar 2024-2025, Programul de formare psihopedagogic\u0103 \u00een vederea certific\u0103rii competen\u021belor pentru profesia didactic\u0103 (nivelurile I \u0219i II)<\/li>\n<li>Carta Universit\u0103\u021bii ,,Valahia&#8221; din T\u00e2rgovi\u0219te, 2023;<\/li>\n<li>REG. 02. Regulamentul privind activitatea profesional\u0103 a studen\u021bilor (RAPS) (HSU Nr. 10 O \/27.06.2024);<\/li>\n<\/ul>\n<\/div><\/div><\/div>\n","protected":false},"excerpt":{"rendered":"","protected":false},"author":2,"featured_media":0,"parent":0,"menu_order":0,"comment_status":"closed","ping_status":"closed","template":"","meta":{"footnotes":""},"class_list":["post-30","page","type-page","status-publish","hentry"],"_links":{"self":[{"href":"https:\/\/dppd.valahia.ro\/index.php?rest_route=\/wp\/v2\/pages\/30","targetHints":{"allow":["GET"]}}],"collection":[{"href":"https:\/\/dppd.valahia.ro\/index.php?rest_route=\/wp\/v2\/pages"}],"about":[{"href":"https:\/\/dppd.valahia.ro\/index.php?rest_route=\/wp\/v2\/types\/page"}],"author":[{"embeddable":true,"href":"https:\/\/dppd.valahia.ro\/index.php?rest_route=\/wp\/v2\/users\/2"}],"replies":[{"embeddable":true,"href":"https:\/\/dppd.valahia.ro\/index.php?rest_route=%2Fwp%2Fv2%2Fcomments&post=30"}],"version-history":[{"count":9,"href":"https:\/\/dppd.valahia.ro\/index.php?rest_route=\/wp\/v2\/pages\/30\/revisions"}],"predecessor-version":[{"id":2653,"href":"https:\/\/dppd.valahia.ro\/index.php?rest_route=\/wp\/v2\/pages\/30\/revisions\/2653"}],"wp:attachment":[{"href":"https:\/\/dppd.valahia.ro\/index.php?rest_route=%2Fwp%2Fv2%2Fmedia&parent=30"}],"curies":[{"name":"wp","href":"https:\/\/api.w.org\/{rel}","templated":true}]}}