{"id":28,"date":"2020-05-30T14:00:39","date_gmt":"2020-05-30T14:00:39","guid":{"rendered":"http:\/\/dppd-test.valahia.ro\/?page_id=28"},"modified":"2020-07-27T13:31:47","modified_gmt":"2020-07-27T13:31:47","slug":"legaturi-utile","status":"publish","type":"page","link":"https:\/\/dppd.valahia.ro\/?page_id=28","title":{"rendered":"Leg\u0103turi utile"},"content":{"rendered":"<h4><img loading=\"lazy\" decoding=\"async\" class=\"size-medium wp-image-129 aligncenter\" style=\"outline: #72777c solid 1px; height: auto; text-align: left; color: #333333; text-transform: none; text-indent: 0px; letter-spacing: normal; font-size: 16px; font-style: normal; font-variant: normal; text-decoration: none; word-spacing: 0px; white-space: normal; max-width: 100%; orphans: 2; -webkit-text-stroke-width: 0px;\" src=\"http:\/\/dppd-test.valahia.ro\/wp-content\/uploads\/2020\/06\/logo_MEC_new_mic20-20Copy-300x53.png\" alt=\"\" width=\"300\" height=\"53\" srcset=\"https:\/\/dppd.valahia.ro\/wp-content\/uploads\/2020\/06\/logo_MEC_new_mic20-20Copy-300x53.png 300w, https:\/\/dppd.valahia.ro\/wp-content\/uploads\/2020\/06\/logo_MEC_new_mic20-20Copy-768x136.png 768w, https:\/\/dppd.valahia.ro\/wp-content\/uploads\/2020\/06\/logo_MEC_new_mic20-20Copy.png 1000w\" sizes=\"auto, (max-width: 300px) 100vw, 300px\" \/><\/h4>\n<div class=\"su-box su-box-style-default\" id=\"\" style=\"border-color:#236172;border-radius:20px;max-width:none\"><div class=\"su-box-title\" style=\"background-color:#5694a5;color:#FFFFFF;border-top-left-radius:18px;border-top-right-radius:18px\"><\/div><div class=\"su-box-content su-u-clearfix su-u-trim\" style=\"border-bottom-left-radius:18px;border-bottom-right-radius:18px\">\n<ul>\n<li><span style=\"color: #000080;\"><strong><a style=\"color: #000080;\" href=\"http:\/\/www.edu.ro\/\">Ministerul Educa\u021biei \u0219i Cercet\u0103rii<\/a><\/strong> <\/span><\/li>\n<li><span style=\"color: #000000;\"><strong><a style=\"color: #000000;\" href=\"http:\/\/www.ise.ro\/\"><span style=\"color: #000080;\">Unitatea de Cercetare \u00een Educa\u021bie<\/span><\/a><\/strong><\/span><\/li>\n<li><span style=\"color: #000080;\"><strong><a style=\"color: #000080;\" href=\"http:\/\/rocnee.eu\">Centrul Na\u021bional de Politici \u0219i Evaluare \u00een Educa\u021bie<\/a><\/strong><\/span><\/li>\n<li><span style=\"color: #000080;\"><strong><a style=\"color: #000080;\" href=\"http:\/\/www.isj-db.ro\/\">Inspectoratul \u015ecolar Jude\u0163ean D\u00e2mbovi\u0163a<\/a><\/strong><\/span><\/li>\n<li><span style=\"color: #000080;\"><strong><a style=\"color: #000080;\" href=\"http:\/\/www.ccd-dambovita.ro\/\">Casa Corpului Didactic D\u00e2mbovi\u0163a<\/a><\/strong><\/span><\/li>\n<\/ul>\n<\/div><\/div>\n","protected":false},"excerpt":{"rendered":"","protected":false},"author":2,"featured_media":0,"parent":0,"menu_order":0,"comment_status":"closed","ping_status":"closed","template":"","meta":{"footnotes":""},"class_list":["post-28","page","type-page","status-publish","hentry"],"_links":{"self":[{"href":"https:\/\/dppd.valahia.ro\/index.php?rest_route=\/wp\/v2\/pages\/28","targetHints":{"allow":["GET"]}}],"collection":[{"href":"https:\/\/dppd.valahia.ro\/index.php?rest_route=\/wp\/v2\/pages"}],"about":[{"href":"https:\/\/dppd.valahia.ro\/index.php?rest_route=\/wp\/v2\/types\/page"}],"author":[{"embeddable":true,"href":"https:\/\/dppd.valahia.ro\/index.php?rest_route=\/wp\/v2\/users\/2"}],"replies":[{"embeddable":true,"href":"https:\/\/dppd.valahia.ro\/index.php?rest_route=%2Fwp%2Fv2%2Fcomments&post=28"}],"version-history":[{"count":22,"href":"https:\/\/dppd.valahia.ro\/index.php?rest_route=\/wp\/v2\/pages\/28\/revisions"}],"predecessor-version":[{"id":789,"href":"https:\/\/dppd.valahia.ro\/index.php?rest_route=\/wp\/v2\/pages\/28\/revisions\/789"}],"wp:attachment":[{"href":"https:\/\/dppd.valahia.ro\/index.php?rest_route=%2Fwp%2Fv2%2Fmedia&parent=28"}],"curies":[{"name":"wp","href":"https:\/\/api.w.org\/{rel}","templated":true}]}}