{"id":11,"date":"2020-05-30T13:53:39","date_gmt":"2020-05-30T13:53:39","guid":{"rendered":"http:\/\/dppd-test.valahia.ro\/?page_id=11"},"modified":"2022-05-09T12:01:25","modified_gmt":"2022-05-09T12:01:25","slug":"centru-de-cercetari","status":"publish","type":"page","link":"https:\/\/dppd.valahia.ro\/?page_id=11","title":{"rendered":"Centrul de cercetare"},"content":{"rendered":"<div class=\"su-box su-box-style-default\" id=\"\" style=\"border-color:#236172;border-radius:20px;max-width:none\"><div class=\"su-box-title\" style=\"background-color:#5694a5;color:#FFFFFF;border-top-left-radius:18px;border-top-right-radius:18px\"><\/div><div class=\"su-box-content su-u-clearfix su-u-trim\" style=\"border-bottom-left-radius:18px;border-bottom-right-radius:18px\">\n<p style=\"text-align: center;\"><em><strong>Centrul de Cercetare \u015fi Inovare \u00een \u015etiin\u0163ele Educa\u0163iei \u201cI.T. Radu&#8221;<\/strong><\/em><\/p>\n<p style=\"text-align: center;\"><em><strong>130004 Aleea Sinaia, nr. 13, T\u00e2rgovi\u015fte, Rom\u00e2nia<\/strong><\/em><\/p>\n<p style=\"text-align: center;\"><em><strong>Institutul de Cercetare \u015etiin\u0163ific\u0103 \u015fi Tehnologic\u0103 Multidisciplinar\u0103, Etaj 2, Camera 22<\/strong><\/em><\/p>\n<\/div><\/div>\n<div class=\"su-box su-box-style-default\" id=\"\" style=\"border-color:#236172;border-radius:20px;max-width:none\"><div class=\"su-box-title\" style=\"background-color:#5694a5;color:#FFFFFF;border-top-left-radius:18px;border-top-right-radius:18px\"><\/div><div class=\"su-box-content su-u-clearfix su-u-trim\" style=\"border-bottom-left-radius:18px;border-bottom-right-radius:18px\">\n<ul>\n<li><span style=\"color: #000080;\"><strong><a style=\"color: #000080;\" href=\"http:\/\/dppd.valahia.ro\/wp-content\/uploads\/2020\/07\/Statut-Centru-Cercetare-I_T_Radu.pdf\">Statutul Centrului de Cercetare \u0219i Inovare \u00een \u0218tiin\u021bele Educa\u021biei &#8220;I. T. Radu&#8221;<\/a><\/strong><\/span><\/li>\n<li><a href=\"http:\/\/dppd.valahia.ro\/wp-content\/uploads\/2022\/05\/Strategia_CCISE_2021-2027-1.pdf\"><span style=\"color: #000080;\"><strong>Strategia de cercetare \u0219tiin\u021bific\u0103 2021-2027<\/strong><\/span><\/a><\/li>\n<li><a href=\"http:\/\/dppd.valahia.ro\/wp-content\/uploads\/2022\/05\/Membrii_CCISE_2021-2022.pdf\"><span style=\"color: #000080;\"><strong>Membrii centrului de cercetare \u0219tiin\u021bific\u0103<\/strong><\/span><\/a><\/li>\n<\/ul>\n<\/div><\/div>\n","protected":false},"excerpt":{"rendered":"","protected":false},"author":2,"featured_media":0,"parent":0,"menu_order":0,"comment_status":"closed","ping_status":"closed","template":"","meta":{"footnotes":""},"class_list":["post-11","page","type-page","status-publish","hentry"],"_links":{"self":[{"href":"https:\/\/dppd.valahia.ro\/index.php?rest_route=\/wp\/v2\/pages\/11","targetHints":{"allow":["GET"]}}],"collection":[{"href":"https:\/\/dppd.valahia.ro\/index.php?rest_route=\/wp\/v2\/pages"}],"about":[{"href":"https:\/\/dppd.valahia.ro\/index.php?rest_route=\/wp\/v2\/types\/page"}],"author":[{"embeddable":true,"href":"https:\/\/dppd.valahia.ro\/index.php?rest_route=\/wp\/v2\/users\/2"}],"replies":[{"embeddable":true,"href":"https:\/\/dppd.valahia.ro\/index.php?rest_route=%2Fwp%2Fv2%2Fcomments&post=11"}],"version-history":[{"count":18,"href":"https:\/\/dppd.valahia.ro\/index.php?rest_route=\/wp\/v2\/pages\/11\/revisions"}],"predecessor-version":[{"id":1405,"href":"https:\/\/dppd.valahia.ro\/index.php?rest_route=\/wp\/v2\/pages\/11\/revisions\/1405"}],"wp:attachment":[{"href":"https:\/\/dppd.valahia.ro\/index.php?rest_route=%2Fwp%2Fv2%2Fmedia&parent=11"}],"curies":[{"name":"wp","href":"https:\/\/api.w.org\/{rel}","templated":true}]}}