{"id":105,"date":"2020-05-30T14:42:58","date_gmt":"2020-05-30T14:42:58","guid":{"rendered":"http:\/\/dppd-test.valahia.ro\/?page_id=105"},"modified":"2020-07-28T08:34:09","modified_gmt":"2020-07-28T08:34:09","slug":"acasa","status":"publish","type":"page","link":"https:\/\/dppd.valahia.ro\/","title":{"rendered":"Acas\u0103"},"content":{"rendered":"<div class=\"su-image-carousel  su-image-carousel-has-spacing su-image-carousel-crop su-image-carousel-crop-4-3 su-image-carousel-has-outline su-image-carousel-adaptive su-image-carousel-slides-style-photo su-image-carousel-controls-style-dark su-image-carousel-align-center\" style=\"\" data-flickity-options='{\"groupCells\":true,\"cellSelector\":\".su-image-carousel-item\",\"adaptiveHeight\":false,\"cellAlign\":\"left\",\"prevNextButtons\":true,\"pageDots\":true,\"autoPlay\":5000,\"imagesLoaded\":true,\"contain\":true,\"selectedAttraction\":0.025,\"friction\":0.28}' id=\"su_image_carousel_69ff1e98f047a\"><div class=\"su-image-carousel-item\"><div class=\"su-image-carousel-item-content\"><img loading=\"lazy\" decoding=\"async\" width=\"720\" height=\"540\" src=\"https:\/\/dppd.valahia.ro\/wp-content\/uploads\/2020\/05\/p10.jpg\" class=\"\" alt=\"\" srcset=\"https:\/\/dppd.valahia.ro\/wp-content\/uploads\/2020\/05\/p10.jpg 1024w, https:\/\/dppd.valahia.ro\/wp-content\/uploads\/2020\/05\/p10-300x225.jpg 300w, https:\/\/dppd.valahia.ro\/wp-content\/uploads\/2020\/05\/p10-768x576.jpg 768w\" sizes=\"auto, (max-width: 720px) 100vw, 720px\" \/><span><\/span><\/div><\/div><div class=\"su-image-carousel-item\"><div class=\"su-image-carousel-item-content\"><img loading=\"lazy\" decoding=\"async\" width=\"720\" height=\"540\" src=\"https:\/\/dppd.valahia.ro\/wp-content\/uploads\/2020\/05\/p13-1024x768.jpg\" class=\"\" alt=\"\" srcset=\"https:\/\/dppd.valahia.ro\/wp-content\/uploads\/2020\/05\/p13-1024x768.jpg 1024w, https:\/\/dppd.valahia.ro\/wp-content\/uploads\/2020\/05\/p13-300x225.jpg 300w, https:\/\/dppd.valahia.ro\/wp-content\/uploads\/2020\/05\/p13-768x576.jpg 768w, https:\/\/dppd.valahia.ro\/wp-content\/uploads\/2020\/05\/p13.jpg 1080w\" sizes=\"auto, (max-width: 720px) 100vw, 720px\" \/><span><\/span><\/div><\/div><div class=\"su-image-carousel-item\"><div class=\"su-image-carousel-item-content\"><img loading=\"lazy\" decoding=\"async\" width=\"720\" height=\"541\" src=\"https:\/\/dppd.valahia.ro\/wp-content\/uploads\/2020\/05\/p5-1024x769.jpg\" class=\"\" alt=\"\" srcset=\"https:\/\/dppd.valahia.ro\/wp-content\/uploads\/2020\/05\/p5-1024x769.jpg 1024w, https:\/\/dppd.valahia.ro\/wp-content\/uploads\/2020\/05\/p5-300x225.jpg 300w, https:\/\/dppd.valahia.ro\/wp-content\/uploads\/2020\/05\/p5-768x577.jpg 768w, https:\/\/dppd.valahia.ro\/wp-content\/uploads\/2020\/05\/p5.jpg 1080w\" sizes=\"auto, (max-width: 720px) 100vw, 720px\" \/><span><\/span><\/div><\/div><div class=\"su-image-carousel-item\"><div class=\"su-image-carousel-item-content\"><img loading=\"lazy\" decoding=\"async\" width=\"720\" height=\"540\" src=\"https:\/\/dppd.valahia.ro\/wp-content\/uploads\/2020\/05\/p1-1024x768.jpg\" class=\"\" alt=\"\" srcset=\"https:\/\/dppd.valahia.ro\/wp-content\/uploads\/2020\/05\/p1-1024x768.jpg 1024w, https:\/\/dppd.valahia.ro\/wp-content\/uploads\/2020\/05\/p1-300x225.jpg 300w, https:\/\/dppd.valahia.ro\/wp-content\/uploads\/2020\/05\/p1-768x576.jpg 768w, https:\/\/dppd.valahia.ro\/wp-content\/uploads\/2020\/05\/p1.jpg 1080w\" sizes=\"auto, (max-width: 720px) 100vw, 720px\" \/><span><\/span><\/div><\/div><\/div><script id=\"su_image_carousel_69ff1e98f047a_script\">if(window.SUImageCarousel){setTimeout(function() {window.SUImageCarousel.initGallery(document.getElementById(\"su_image_carousel_69ff1e98f047a\"))}, 0);}var su_image_carousel_69ff1e98f047a_script=document.getElementById(\"su_image_carousel_69ff1e98f047a_script\");if(su_image_carousel_69ff1e98f047a_script){su_image_carousel_69ff1e98f047a_script.parentNode.removeChild(su_image_carousel_69ff1e98f047a_script);}<\/script>\n<p><span style=\"display: inline !important; float: none; background-color: #ffffff; color: #333333; cursor: text; font-family: Georgia,'Times New Roman','Bitstream Charter',Times,serif; font-size: 16px; font-style: normal; font-variant: normal; font-weight: 400; letter-spacing: normal; orphans: 2; text-align: left; text-decoration: none; text-indent: 0px; text-transform: none; -webkit-text-stroke-width: 0px; white-space: normal; word-spacing: 0px;\"><div class=\"su-animate\" style=\"opacity:0;-webkit-animation-duration:1s;-webkit-animation-delay:0s;animation-duration:1s;animation-delay:0s;\" data-animation=\"bounceIn\" data-duration=\"1\" data-delay=\"0\"><\/span><span style=\"display: inline !important; float: none; background-color: #ffffff; color: #333333; cursor: text; font-family: Georgia,'Times New Roman','Bitstream Charter',Times,serif; font-size: 16px; font-style: normal; font-variant: normal; font-weight: 400; letter-spacing: normal; orphans: 2; text-align: left; text-decoration: none; text-indent: 0px; text-transform: none; -webkit-text-stroke-width: 0px; white-space: normal; word-spacing: 0px;\"><div class=\"su-box su-box-style-default\" id=\"2\" style=\"border-color:#236172;border-radius:20px;max-width:none\"><div class=\"su-box-title\" style=\"background-color:#5694a5;color:#FFFFFF;border-top-left-radius:18px;border-top-right-radius:18px\">Despre noi<\/div><div class=\"su-box-content su-u-clearfix su-u-trim\" style=\"border-bottom-left-radius:18px;border-bottom-right-radius:18px\"><\/span><\/p>\n<p style=\"text-align: center;\"><em><strong>Departamentul pentru Preg\u0103tirea Personalului Didactic este o structur\u0103 didactic\u0103 \u015fi de cercetare \u015ftiin\u0163ific\u0103, din cadrul Universit\u0103\u0163ii \u201eValahia\u201d din T\u00e2rgovi\u015fte, care asigur\u0103 formarea psihopedagogic\u0103 a studen\u0163ilor \/ cursan\u0163ilor, precum \u015fi perfec\u0163ionarea cadrelor didactice din \u00eenv\u0103\u0163\u0103m\u00e2ntul preuniversitar, \u00een vederea form\u0103rii\/dezvolt\u0103rii competen\u0163elor profesionale (cognitive \u015fi func\u0163ional-ac\u0163ionale) \u015fi a competen\u0163elor transversale (de rol \u015fi de dezvoltare personal\u0103 \u015fi profesional\u0103), necesare pentru promovarea unui demers didactic modern, formativ, centrat pe formabili.<\/strong><\/em><br \/>\n<em><strong>Programele de formare psihopedagogic\u0103 derulate \u00een cadrul D.P.P.D. sunt adaptate la standardele educa\u0163ionale europene, fiind direc\u0163ionate spre satisfacerea exigen\u0163elor societ\u0103\u0163ii contemporane \u015fi a priorit\u0103\u0163ilor actuale ale educa\u021biei.<\/strong><\/em><br \/>\n<strong><span style=\"text-align: left; text-transform: none; text-indent: 0px; letter-spacing: normal; font-family: Georgia,'Times New Roman','Bitstream Charter',Times,serif; font-size: 16px; font-style: normal; font-variant: normal; text-decoration: none; word-spacing: 0px; display: inline !important; white-space: normal; cursor: text; orphans: 2; float: none; -webkit-text-stroke-width: 0px; background-color: #ffffff;\"><\/div><\/div><span style=\"display: inline !important; float: none; background-color: #ffffff; color: #333333; cursor: text; font-family: Georgia,'Times New Roman','Bitstream Charter',Times,serif; font-size: 16px; font-style: normal; font-variant: normal; font-weight: 400; letter-spacing: normal; orphans: 2; text-align: left; text-decoration: none; text-indent: 0px; text-transform: none; -webkit-text-stroke-width: 0px; white-space: normal; word-spacing: 0px;\"><\/div><\/span><\/span><\/strong><\/p>\n<p><!--more--><\/p>\n<p style=\"text-align: center;\"><div class=\"su-expand su-expand-collapsed su-expand-link-style-default\" data-height=\"10\"><div class=\"su-expand-content su-u-trim\" style=\"color:#333333;max-height:10px;overflow:hidden\">\n<p>&nbsp;<\/p>\n<div class=\"su-animate\" style=\"opacity:0\" data-animation=\"bounceIn\" data-duration=\"1\" data-delay=\"0\"><div class=\"su-box su-box-style-default\" id=\"2\" style=\"border-color:#236172;border-radius:20px;max-width:none\"><div class=\"su-box-title\" style=\"background-color:#5694a5;color:#FFFFFF;border-top-left-radius:18px;border-top-right-radius:18px\">Misiunea D.P.P.D. vizeaz\u0103  trei componente principale:<\/div><div class=\"su-box-content su-u-clearfix su-u-trim\" style=\"border-bottom-left-radius:18px;border-bottom-right-radius:18px\">\n<p><strong>a) formarea ini\u0163ial\u0103 a studen\u0163ilor <\/strong>\u015fi, dup\u0103 caz, a absolven\u0163ilor \u00eenv\u0103\u0163\u0103m\u00e2ntului universitar \/ postuniversitar pentru profesia didactic\u0103, \u00een vederea ob\u0163inerii certific\u0103rii necesare pentru ocuparea posturilor didactice \u00een \u00eenv\u0103\u0163\u0103m\u00e2ntul preuniversitar\u015fi universitar;<br \/>\n<strong>b) formarea continu\u0103 a personalului didactic, <\/strong>prin programe specifice de dezvoltare profesional\u0103 \u015fi prin organizarea cursurilor de preg\u0103tire a examenelor de ob\u0163inere a gradelor didactice \u00een \u00eenv\u0103\u0163\u0103m\u00e2ntul preuniversitar;<br \/>\n<strong>c) cercetarea \u015ftiin\u0163ific\u0103,<\/strong> teoretic\u0103 \u015fi aplicativ\u0103, \u00een domeniul \u015ftiin\u0163elor educa\u0163iei, \u00een concordan\u0163\u0103 cu exigen\u0163ele privind calitatea \u00een educa\u0163ie, cu standardele educa\u0163ionale \u015fi perspectivele de evolu\u0163ie a educa\u0163iei, pe plan na\u0163ional \u015fi european.<\/div><\/div><span style=\"float: none;background-color: #ffffff;color: #333333;cursor: text;font-family: Georgia,'Times New Roman','Bitstream Charter',Times,serif;font-size: 16px;font-style: normal;font-variant: normal;font-weight: 400;letter-spacing: normal;text-align: left;text-decoration: none;text-indent: 0px;text-transform: none\"><\/div><\/span><strong> \u00a0<\/strong><strong> \u00a0 \u00a0 \u00a0 \u00a0 <\/strong><\/p>\n<p><strong>\u00a0<\/strong><span style=\"float: none;background-color: #ffffff;color: #333333;cursor: text;font-family: Georgia,'Times New Roman','Bitstream Charter',Times,serif;font-size: 16px;font-style: normal;font-variant: normal;font-weight: 400;letter-spacing: normal;text-align: left;text-decoration: none;text-indent: 0px;text-transform: none\"><div class=\"su-animate\" style=\"opacity:0\" data-animation=\"bounceIn\" data-duration=\"1\" data-delay=\"0\"><\/span><span style=\"float: none;background-color: #ffffff;color: #333333;cursor: text;font-family: Georgia,'Times New Roman','Bitstream Charter',Times,serif;font-size: 16px;font-style: normal;font-variant: normal;font-weight: 400;letter-spacing: normal;text-align: left;text-decoration: none;text-indent: 0px;text-transform: none\"><div class=\"su-box su-box-style-default\" id=\"7\" style=\"border-color:#236172;border-radius:20px;max-width:none\"><div class=\"su-box-title\" style=\"background-color:#5694a5;color:#FFFFFF;border-top-left-radius:18px;border-top-right-radius:18px\">Programul de formare psihopedagogic\u0103 include dou\u0103 pachete compacte, denumite nivele de preg\u0103tire psihopedagogic\u0103, respectiv: <\/div><div class=\"su-box-content su-u-clearfix su-u-trim\" style=\"border-bottom-left-radius:18px;border-bottom-right-radius:18px\"><\/span><strong>a) nivelul I, ini\u0163ial<\/strong>, se deruleaz\u0103 pe parcursul studiilor universitare de licen\u0163\u0103 sau dup\u0103 absolvirea acestora, \u00een regim postuniversitar;<br \/>\n<strong>b) nivelul II, de aprofundare<\/strong>, se deruleaz\u0103 dup\u0103 ob\u0163inerea diplomei de licen\u0163\u0103, \u00een paralel cu formarea academic\u0103 prin programe de masterat sau dup\u0103 absolvirea acestora, \u00een regim postuniversitar.<span style=\"float: none;background-color: #ffffff;color: #333333;cursor: text;font-family: Georgia,'Times New Roman','Bitstream Charter',Times,serif;font-size: 16px;font-style: normal;font-variant: normal;font-weight: 400;letter-spacing: normal;text-align: left;text-decoration: none;text-indent: 0px;text-transform: none\"><\/div><\/div><\/span><span style=\"float: none;background-color: #ffffff;color: #333333;cursor: text;font-family: Georgia,'Times New Roman','Bitstream Charter',Times,serif;font-size: 16px;font-style: normal;font-variant: normal;font-weight: 400;letter-spacing: normal;text-align: left;text-decoration: none;text-indent: 0px;text-transform: none\"><\/div><\/span><\/p>\n<div class=\"su-animate\" style=\"opacity:0\" data-animation=\"bounceIn\" data-duration=\"1\" data-delay=\"0\"><span style=\"float: none;background-color: #ffffff;color: #333333;cursor: text;font-family: Georgia,'Times New Roman','Bitstream Charter',Times,serif;font-size: 16px;font-style: normal;font-variant: normal;font-weight: 400;letter-spacing: normal;text-align: left;text-decoration: none;text-indent: 0px;text-transform: none\"><div class=\"su-box su-box-style-defult\" id=\"3\" style=\"border-color:#236172;border-radius:20px;max-width:none\"><div class=\"su-box-title\" style=\"background-color:#5694a5;color:#FFFFFF;border-top-left-radius:18px;border-top-right-radius:18px\">Pentru realizarea misiunii sale, D.P.P.D. urm\u0103re\u015fte atingerea unor obiective, precum:<\/div><div class=\"su-box-content su-u-clearfix su-u-trim\" style=\"border-bottom-left-radius:18px;border-bottom-right-radius:18px\"><\/span><\/p>\n<p><strong>a)<\/strong> asigurarea unei preg\u0103tiri psihologice \u015fi pedagogice, didactice \u015fi practice, de calitate, \u00een acord cu noile orient\u0103ri din domeniul \u015ftiin\u0163elor educa\u0163iei, ale teoriei \u015fi practicii curriculum-ului, ale proiect\u0103rii, organiz\u0103rii \u015fi evalu\u0103rii activita\u0163ii didactice, ale psihologiei educa\u021biei, ale tehnologiei informa\u0163iei;<br \/>\n<strong>b)<\/strong> realizarea unui \u00eenv\u0103\u0163\u0103m\u00e2nt modern, practic \u015fi formativ, centrat pe educabil \u0219i orientat pragmatic spre nevoile reale ale \u015fcolii rom\u00e2ne\u015fti, \u00een contextul integr\u0103rii europene;<br \/>\n<strong>c)<\/strong> organizarea de programe de studii \u0219i activit\u0103\u021bi specifice \u00een sfera form\u0103rii continue a personalului didactic, potrivit exigen\u0163elor unui \u00eenv\u0103\u0163\u0103m\u00e2nt modern \u015fi eficient;<br \/>\n<strong>d)<\/strong> stimularea cadrelor didactice pentru men\u0163inerea unei motiva\u0163ii sporite pentru propria dezvoltare profesional\u0103;<br \/>\ne) sus\u0163inerea dezvolt\u0103rii profesionale continue a personalului didactic din D.P.P.D \u0219i, respectiv, UVT;<br \/>\n<strong>f)<\/strong> proiectarea \u015fi realizarea de activit\u0103\u0163i educa\u0163ionale extracurriculare, activit\u0103\u021bi de consultan\u0163\u0103 curricular\u0103, de consiliere educa\u0163ional\u0103 \u015fi de educa\u0163ie a adul\u0163ilor;<br \/>\n<strong>g)<\/strong> organizarea de activit\u0103\u0163i de consiliere psihopedagogic\u0103 \u015fi metodic\u0103 privind dezvoltarea profesional\u0103 \u015fi evolu\u0163ia \u00een cariera didactic\u0103 (la cerere);<br \/>\n<strong>h)<\/strong> coordonarea activit\u0103\u0163ii de mentorat din institu\u021biile de \u00eenv\u0103\u021b\u0103m\u00e2nt cu statut de partener de practic\u0103, \u00een vederea cre\u015fterii calit\u0103\u0163ii practicii pedagogice;<br \/>\n<strong>i)<\/strong> realizarea de programe de cercetare \u00een \u015ftiin\u0163ele educa\u0163iei, orientate spre temelefundamentale \u015fi spre priorit\u0103\u0163ile actuale ale dezvolt\u0103rii proceselor \u015fi sistemelor educa\u0163ionale;<br \/>\n<strong>j)<\/strong> promovarea cercet\u0103rii \u015ftiin\u0163ifice fundamentale \u015fi aplicative \u00een \u015ftiin\u0163ele educa\u0163iei, prin programe, proiecte \u015fi contracte de cercetare, prinpublica\u0163ii, sesiuni \u015ftiin\u0163ifice, consultan\u0163\u0103, editarea unor cursuri, manuale, \u00eendrumare etc.<br \/>\n<\/div><\/div><\/div><span style=\"float: none;background-color: #ffffff;color: #333333;cursor: text;font-family: Georgia,'Times New Roman','Bitstream Charter',Times,serif;font-size: 16px;font-style: normal;font-variant: normal;font-weight: 400;letter-spacing: normal;text-align: left;text-decoration: none;text-indent: 0px;text-transform: none\"><\/div><div class=\"su-expand-link su-expand-link-more\" style=\"text-align:center\"><a href=\"javascript:;\" style=\"color:#0088FF;border-color:#0088FF\"><span style=\"border-color:#0088FF\">Mai mult<\/span><\/a><\/div><div class=\"su-expand-link su-expand-link-less\" style=\"text-align:center\"><a href=\"javascript:;\" style=\"color:#0088FF;border-color:#0088FF\"><span style=\"border-color:#0088FF\">Mai pu\u021bin<\/span><\/a><\/div><\/div><\/span><\/p>\n<p><span style=\"display: inline !important; float: none; background-color: #ffffff; color: #333333; cursor: text; font-family: Georgia,'Times New Roman','Bitstream Charter',Times,serif; font-size: 16px; font-style: normal; font-variant: normal; font-weight: 400; letter-spacing: normal; orphans: 2; text-align: left; text-decoration: none; text-indent: 0px; text-transform: none; -webkit-text-stroke-width: 0px; white-space: normal; word-spacing: 0px;\"><div class=\"su-animate\" style=\"opacity:0;-webkit-animation-duration:1s;-webkit-animation-delay:0s;animation-duration:1s;animation-delay:0s;\" data-animation=\"bounceIn\" data-duration=\"1\" data-delay=\"0\"><\/span><div class=\"su-box su-box-style-default\" id=\"6\" style=\"border-color:#236172;border-radius:20px;max-width:none\"><div class=\"su-box-title\" style=\"background-color:#5694a5;color:#FFFFFF;border-top-left-radius:18px;border-top-right-radius:18px\">Admitere<\/div><div class=\"su-box-content su-u-clearfix su-u-trim\" style=\"border-bottom-left-radius:18px;border-bottom-right-radius:18px\">\n<p><img loading=\"lazy\" decoding=\"async\" class=\"wp-image-152 alignright\" src=\"http:\/\/dppd-test.valahia.ro\/wp-content\/uploads\/2020\/06\/p8-300x180.jpg\" alt=\"\" width=\"308\" height=\"185\" srcset=\"https:\/\/dppd.valahia.ro\/wp-content\/uploads\/2020\/06\/p8-300x180.jpg 300w, https:\/\/dppd.valahia.ro\/wp-content\/uploads\/2020\/06\/p8-1024x614.jpg 1024w, https:\/\/dppd.valahia.ro\/wp-content\/uploads\/2020\/06\/p8-768x461.jpg 768w, https:\/\/dppd.valahia.ro\/wp-content\/uploads\/2020\/06\/p8-1536x922.jpg 1536w, https:\/\/dppd.valahia.ro\/wp-content\/uploads\/2020\/06\/p8.jpg 1600w\" sizes=\"auto, (max-width: 308px) 100vw, 308px\" \/><\/p>\n<p><strong>Departamentul pentru Preg\u0103tirea Personalului Didactic<\/strong> organizeaz\u0103 \u00eenscrieri pentru urm\u0103toarele programe de formare psihopedagogic\u0103:<br \/>\n\u2022 <span style=\"color: #993300;\"><strong>Program de formare psihopedagogic\u0103<\/strong>, <\/span><strong><span style=\"color: #993300;\">Nivel I<\/span>, realizat pe parcursul studiilor universitare de licen\u021b\u0103, monospecializare\/dubl\u0103 specializare;<\/strong><br \/>\n\u2022 <strong><span style=\"color: #993300;\">Program de formare psihopedagogic\u0103<\/span><span style=\"color: #993300;\">, Nivel II<\/span>,<\/strong> <strong>realizat pe parcursul studiilor universitare de masterat;<\/strong><br \/>\n\u2022 <strong><span style=\"color: #993300;\">Program de formare psihopedagogic\u0103, Nivel I<\/span><\/strong>, <strong><span style=\"color: #993300;\">realizat \u00een regim postuniversitar<\/span>, dup\u0103 absolvirea studiilor de licen\u021b\u0103 (monospecializare\/dubl\u0103 specializare) sau a altor categorii de studii prev\u0103zute de documentele normative \u00een vigoare.<\/strong><br \/>\n\u2022 <span style=\"color: #993300;\"><strong>Program de formare psihopedagogic\u0103, Nivel II<\/strong><\/span>, <strong><span style=\"color: #993300;\">realizat \u00een regim postuniversitar<\/span>, dup\u0103 absolvirea studiilor universitare de masterat sau a altor categorii de studii prev\u0103zute de documentele normative \u00een vigoare.<\/strong><\/p>\n<a href=\"http:\/\/dppd.valahia.ro\/?page_id=7\" class=\"su-button su-button-style-default\" style=\"color:#FFFFFF;background-color:#2D89EF;border-color:#246ec0;border-radius:5px\" target=\"_self\"><span style=\"color:#FFFFFF;padding:0px 16px;font-size:13px;line-height:26px;border-color:#6cadf4;border-radius:5px;text-shadow:none\"> Admitere<\/span><\/a><span style=\"display: inline !important; float: none; background-color: #ffffff; color: #333333; cursor: text; font-family: Georgia,'Times New Roman','Bitstream Charter',Times,serif; font-size: 16px; font-style: normal; font-variant: normal; font-weight: 400; letter-spacing: normal; orphans: 2; text-align: left; text-decoration: none; text-indent: 0px; text-transform: none; -webkit-text-stroke-width: 0px; white-space: normal; word-spacing: 0px;\"><\/div><\/div><\/span><\/div>\n<p>&nbsp;<\/p>\n<p>&nbsp;<\/p>\n<p>&nbsp;<\/p>\n<h2><\/h2>\n<p>&nbsp;<\/p>\n<p>&nbsp;<\/p>\n","protected":false},"excerpt":{"rendered":"","protected":false},"author":2,"featured_media":0,"parent":0,"menu_order":0,"comment_status":"closed","ping_status":"closed","template":"","meta":{"footnotes":""},"class_list":["post-105","page","type-page","status-publish","hentry"],"_links":{"self":[{"href":"https:\/\/dppd.valahia.ro\/index.php?rest_route=\/wp\/v2\/pages\/105","targetHints":{"allow":["GET"]}}],"collection":[{"href":"https:\/\/dppd.valahia.ro\/index.php?rest_route=\/wp\/v2\/pages"}],"about":[{"href":"https:\/\/dppd.valahia.ro\/index.php?rest_route=\/wp\/v2\/types\/page"}],"author":[{"embeddable":true,"href":"https:\/\/dppd.valahia.ro\/index.php?rest_route=\/wp\/v2\/users\/2"}],"replies":[{"embeddable":true,"href":"https:\/\/dppd.valahia.ro\/index.php?rest_route=%2Fwp%2Fv2%2Fcomments&post=105"}],"version-history":[{"count":102,"href":"https:\/\/dppd.valahia.ro\/index.php?rest_route=\/wp\/v2\/pages\/105\/revisions"}],"predecessor-version":[{"id":830,"href":"https:\/\/dppd.valahia.ro\/index.php?rest_route=\/wp\/v2\/pages\/105\/revisions\/830"}],"wp:attachment":[{"href":"https:\/\/dppd.valahia.ro\/index.php?rest_route=%2Fwp%2Fv2%2Fmedia&parent=105"}],"curies":[{"name":"wp","href":"https:\/\/api.w.org\/{rel}","templated":true}]}}